{"id":20943,"date":"2025-09-10T19:54:41","date_gmt":"2025-09-10T18:54:41","guid":{"rendered":"http:\/\/kathrinbode.de\/art\/?page_id=20943"},"modified":"2025-09-10T19:54:44","modified_gmt":"2025-09-10T18:54:44","slug":"2025-august-monatsliste","status":"publish","type":"page","link":"http:\/\/kathrinbode.de\/art\/2025-august-monatsliste\/","title":{"rendered":"2025 August Monatsliste"},"content":{"rendered":"\n<div data-wp-interactive=\"core\/file\" class=\"wp-block-file\"><object data-wp-bind--hidden=\"!state.hasPdfPreview\" hidden class=\"wp-block-file__embed\" data=\"http:\/\/kathrinbode.de\/art\/wp-content\/uploads\/2025\/09\/08_2025-August-Monatsliste.pdf\" type=\"application\/pdf\" style=\"width:100%;height:600px\" aria-label=\"Einbettung von 08_2025 August Monatsliste.\"><\/object><a id=\"wp-block-file--media-aab875d5-f58e-4442-b526-d717532dd91b\" href=\"http:\/\/kathrinbode.de\/art\/wp-content\/uploads\/2025\/09\/08_2025-August-Monatsliste.pdf\">08_2025 August Monatsliste<\/a><a href=\"http:\/\/kathrinbode.de\/art\/wp-content\/uploads\/2025\/09\/08_2025-August-Monatsliste.pdf\" class=\"wp-block-file__button wp-element-button\" download aria-describedby=\"wp-block-file--media-aab875d5-f58e-4442-b526-d717532dd91b\">Herunterladen<\/a><\/div>\n","protected":false},"excerpt":{"rendered":"","protected":false},"author":1,"featured_media":0,"parent":0,"menu_order":0,"comment_status":"closed","ping_status":"closed","template":"","meta":{"_themeisle_gutenberg_block_has_review":false,"jetpack_post_was_ever_published":false,"footnotes":""},"class_list":["post-20943","page","type-page","status-publish","hentry"],"jetpack_sharing_enabled":true,"jetpack_shortlink":"https:\/\/wp.me\/P7Iyza-5rN","jetpack_likes_enabled":true,"jetpack-related-posts":[{"id":19814,"url":"http:\/\/kathrinbode.de\/art\/2025-april-monatsliste\/","url_meta":{"origin":20943,"position":0},"title":"2025 April Monatsliste","author":"Kathrin","date":"Mai 2, 2025","format":false,"excerpt":"04_2025 April MonatslisteHerunterladen","rel":"","context":"\u00c4hnlicher Beitrag","block_context":{"text":"\u00c4hnlicher Beitrag","link":""},"img":{"alt_text":"","src":"","width":0,"height":0},"classes":[]},{"id":21248,"url":"http:\/\/kathrinbode.de\/art\/2025-september-monatsliste\/","url_meta":{"origin":20943,"position":1},"title":"2025 September Monatsliste","author":"Kathrin","date":"Oktober 13, 2025","format":false,"excerpt":"09_2025 September MonatslisteHerunterladen","rel":"","context":"\u00c4hnlicher Beitrag","block_context":{"text":"\u00c4hnlicher Beitrag","link":""},"img":{"alt_text":"","src":"","width":0,"height":0},"classes":[]},{"id":19231,"url":"http:\/\/kathrinbode.de\/art\/2025-februar-monatsliste\/","url_meta":{"origin":20943,"position":2},"title":"2025 Februar Monatsliste","author":"Kathrin","date":"M\u00e4rz 5, 2025","format":false,"excerpt":"02_2025 Februar MonatslisteHerunterladen","rel":"","context":"\u00c4hnlicher Beitrag","block_context":{"text":"\u00c4hnlicher Beitrag","link":""},"img":{"alt_text":"","src":"","width":0,"height":0},"classes":[]},{"id":21871,"url":"http:\/\/kathrinbode.de\/art\/2025-dezember-monatsliste\/","url_meta":{"origin":20943,"position":3},"title":"2025 Dezember Monatsliste","author":"Kathrin","date":"Januar 1, 2026","format":false,"excerpt":"12_2025 Dezember MonatslisteHerunterladen","rel":"","context":"\u00c4hnlicher Beitrag","block_context":{"text":"\u00c4hnlicher Beitrag","link":""},"img":{"alt_text":"","src":"","width":0,"height":0},"classes":[]},{"id":21705,"url":"http:\/\/kathrinbode.de\/art\/2025-oktober-monatsliste\/","url_meta":{"origin":20943,"position":4},"title":"2025 Oktober Monatsliste","author":"Kathrin","date":"Dezember 7, 2025","format":false,"excerpt":"10_2025 Oktober MonatslisteHerunterladen","rel":"","context":"\u00c4hnlicher Beitrag","block_context":{"text":"\u00c4hnlicher Beitrag","link":""},"img":{"alt_text":"","src":"","width":0,"height":0},"classes":[]},{"id":21709,"url":"http:\/\/kathrinbode.de\/art\/2025-november-monatsliste\/","url_meta":{"origin":20943,"position":5},"title":"2025 November Monatsliste","author":"Kathrin","date":"Dezember 7, 2025","format":false,"excerpt":"11_2025 November MonatslisteHerunterladen","rel":"","context":"\u00c4hnlicher Beitrag","block_context":{"text":"\u00c4hnlicher Beitrag","link":""},"img":{"alt_text":"","src":"","width":0,"height":0},"classes":[]}],"_links":{"self":[{"href":"http:\/\/kathrinbode.de\/art\/wp-json\/wp\/v2\/pages\/20943","targetHints":{"allow":["GET"]}}],"collection":[{"href":"http:\/\/kathrinbode.de\/art\/wp-json\/wp\/v2\/pages"}],"about":[{"href":"http:\/\/kathrinbode.de\/art\/wp-json\/wp\/v2\/types\/page"}],"author":[{"embeddable":true,"href":"http:\/\/kathrinbode.de\/art\/wp-json\/wp\/v2\/users\/1"}],"replies":[{"embeddable":true,"href":"http:\/\/kathrinbode.de\/art\/wp-json\/wp\/v2\/comments?post=20943"}],"version-history":[{"count":1,"href":"http:\/\/kathrinbode.de\/art\/wp-json\/wp\/v2\/pages\/20943\/revisions"}],"predecessor-version":[{"id":20945,"href":"http:\/\/kathrinbode.de\/art\/wp-json\/wp\/v2\/pages\/20943\/revisions\/20945"}],"wp:attachment":[{"href":"http:\/\/kathrinbode.de\/art\/wp-json\/wp\/v2\/media?parent=20943"}],"curies":[{"name":"wp","href":"https:\/\/api.w.org\/{rel}","templated":true}]}}