{"id":21871,"date":"2026-01-01T19:29:41","date_gmt":"2026-01-01T18:29:41","guid":{"rendered":"https:\/\/kathrinbode.de\/art\/?page_id=21871"},"modified":"2026-01-01T19:29:43","modified_gmt":"2026-01-01T18:29:43","slug":"2025-dezember-monatsliste","status":"publish","type":"page","link":"http:\/\/kathrinbode.de\/art\/2025-dezember-monatsliste\/","title":{"rendered":"2025 Dezember Monatsliste"},"content":{"rendered":"\n<div data-wp-interactive=\"core\/file\" class=\"wp-block-file\"><object data-wp-bind--hidden=\"!state.hasPdfPreview\" hidden class=\"wp-block-file__embed\" data=\"https:\/\/kathrinbode.de\/art\/wp-content\/uploads\/2026\/01\/12_2025-Dezember-Monatsliste.pdf\" type=\"application\/pdf\" style=\"width:100%;height:600px\" aria-label=\"Einbettung von 12_2025 Dezember Monatsliste.\"><\/object><a id=\"wp-block-file--media-b7389fe8-330e-4189-a56c-36987e241cc1\" href=\"https:\/\/kathrinbode.de\/art\/wp-content\/uploads\/2026\/01\/12_2025-Dezember-Monatsliste.pdf\">12_2025 Dezember Monatsliste<\/a><a href=\"https:\/\/kathrinbode.de\/art\/wp-content\/uploads\/2026\/01\/12_2025-Dezember-Monatsliste.pdf\" class=\"wp-block-file__button wp-element-button\" download aria-describedby=\"wp-block-file--media-b7389fe8-330e-4189-a56c-36987e241cc1\">Herunterladen<\/a><\/div>\n","protected":false},"excerpt":{"rendered":"","protected":false},"author":1,"featured_media":0,"parent":0,"menu_order":0,"comment_status":"closed","ping_status":"closed","template":"","meta":{"_themeisle_gutenberg_block_has_review":false,"jetpack_post_was_ever_published":false,"footnotes":""},"class_list":["post-21871","page","type-page","status-publish","hentry"],"jetpack_sharing_enabled":true,"jetpack_shortlink":"https:\/\/wp.me\/P7Iyza-5GL","jetpack_likes_enabled":true,"jetpack-related-posts":[{"id":18892,"url":"http:\/\/kathrinbode.de\/art\/dezember-2024-monatsliste\/","url_meta":{"origin":21871,"position":0},"title":"Dezember 2024 Monatsliste","author":"Kathrin","date":"Dezember 31, 2024","format":false,"excerpt":"12 2024 Dezember MonatslisteHerunterladen","rel":"","context":"\u00c4hnlicher Beitrag","block_context":{"text":"\u00c4hnlicher Beitrag","link":""},"img":{"alt_text":"","src":"","width":0,"height":0},"classes":[]},{"id":5164,"url":"http:\/\/kathrinbode.de\/art\/fotoalben\/2017-2\/klaerteiche-2018\/dezember-2018\/","url_meta":{"origin":21871,"position":1},"title":"Dezember 2018","author":"Kathrin","date":"Dezember 25, 2018","format":false,"excerpt":"","rel":"","context":"\u00c4hnlicher Beitrag","block_context":{"text":"\u00c4hnlicher Beitrag","link":""},"img":{"alt_text":"","src":"","width":0,"height":0},"classes":[]},{"id":20943,"url":"http:\/\/kathrinbode.de\/art\/2025-august-monatsliste\/","url_meta":{"origin":21871,"position":2},"title":"2025 August Monatsliste","author":"Kathrin","date":"September 10, 2025","format":false,"excerpt":"08_2025 August MonatslisteHerunterladen","rel":"","context":"\u00c4hnlicher Beitrag","block_context":{"text":"\u00c4hnlicher Beitrag","link":""},"img":{"alt_text":"","src":"","width":0,"height":0},"classes":[]},{"id":19814,"url":"http:\/\/kathrinbode.de\/art\/2025-april-monatsliste\/","url_meta":{"origin":21871,"position":3},"title":"2025 April Monatsliste","author":"Kathrin","date":"Mai 2, 2025","format":false,"excerpt":"04_2025 April MonatslisteHerunterladen","rel":"","context":"\u00c4hnlicher Beitrag","block_context":{"text":"\u00c4hnlicher Beitrag","link":""},"img":{"alt_text":"","src":"","width":0,"height":0},"classes":[]},{"id":21248,"url":"http:\/\/kathrinbode.de\/art\/2025-september-monatsliste\/","url_meta":{"origin":21871,"position":4},"title":"2025 September Monatsliste","author":"Kathrin","date":"Oktober 13, 2025","format":false,"excerpt":"09_2025 September MonatslisteHerunterladen","rel":"","context":"\u00c4hnlicher Beitrag","block_context":{"text":"\u00c4hnlicher Beitrag","link":""},"img":{"alt_text":"","src":"","width":0,"height":0},"classes":[]},{"id":19231,"url":"http:\/\/kathrinbode.de\/art\/2025-februar-monatsliste\/","url_meta":{"origin":21871,"position":5},"title":"2025 Februar Monatsliste","author":"Kathrin","date":"M\u00e4rz 5, 2025","format":false,"excerpt":"02_2025 Februar MonatslisteHerunterladen","rel":"","context":"\u00c4hnlicher Beitrag","block_context":{"text":"\u00c4hnlicher Beitrag","link":""},"img":{"alt_text":"","src":"","width":0,"height":0},"classes":[]}],"_links":{"self":[{"href":"http:\/\/kathrinbode.de\/art\/wp-json\/wp\/v2\/pages\/21871","targetHints":{"allow":["GET"]}}],"collection":[{"href":"http:\/\/kathrinbode.de\/art\/wp-json\/wp\/v2\/pages"}],"about":[{"href":"http:\/\/kathrinbode.de\/art\/wp-json\/wp\/v2\/types\/page"}],"author":[{"embeddable":true,"href":"http:\/\/kathrinbode.de\/art\/wp-json\/wp\/v2\/users\/1"}],"replies":[{"embeddable":true,"href":"http:\/\/kathrinbode.de\/art\/wp-json\/wp\/v2\/comments?post=21871"}],"version-history":[{"count":1,"href":"http:\/\/kathrinbode.de\/art\/wp-json\/wp\/v2\/pages\/21871\/revisions"}],"predecessor-version":[{"id":21874,"href":"http:\/\/kathrinbode.de\/art\/wp-json\/wp\/v2\/pages\/21871\/revisions\/21874"}],"wp:attachment":[{"href":"http:\/\/kathrinbode.de\/art\/wp-json\/wp\/v2\/media?parent=21871"}],"curies":[{"name":"wp","href":"https:\/\/api.w.org\/{rel}","templated":true}]}}