{"id":22314,"date":"2026-05-02T15:00:29","date_gmt":"2026-05-02T14:00:29","guid":{"rendered":"https:\/\/kathrinbode.de\/art\/?page_id=22314"},"modified":"2026-05-02T15:00:31","modified_gmt":"2026-05-02T14:00:31","slug":"2026-april-monatsliste","status":"publish","type":"page","link":"http:\/\/kathrinbode.de\/art\/2026-april-monatsliste\/","title":{"rendered":"2026 April Monatsliste"},"content":{"rendered":"\n<div data-wp-interactive=\"core\/file\" class=\"wp-block-file\"><object data-wp-bind--hidden=\"!state.hasPdfPreview\" hidden class=\"wp-block-file__embed\" data=\"https:\/\/kathrinbode.de\/art\/wp-content\/uploads\/2026\/05\/04_2026-April-Monatsliste.pdf\" type=\"application\/pdf\" style=\"width:100%;height:600px\" aria-label=\"Einbettung von 04_2026 April Monatsliste.\"><\/object><a id=\"wp-block-file--media-cc9bfa16-ec54-4665-b9a1-49a879e9d878\" href=\"https:\/\/kathrinbode.de\/art\/wp-content\/uploads\/2026\/05\/04_2026-April-Monatsliste.pdf\">04_2026 April Monatsliste<\/a><a href=\"https:\/\/kathrinbode.de\/art\/wp-content\/uploads\/2026\/05\/04_2026-April-Monatsliste.pdf\" class=\"wp-block-file__button wp-element-button\" download aria-describedby=\"wp-block-file--media-cc9bfa16-ec54-4665-b9a1-49a879e9d878\">Herunterladen<\/a><\/div>\n","protected":false},"excerpt":{"rendered":"","protected":false},"author":1,"featured_media":0,"parent":0,"menu_order":0,"comment_status":"closed","ping_status":"closed","template":"","meta":{"_themeisle_gutenberg_block_has_review":false,"jetpack_post_was_ever_published":false,"footnotes":""},"class_list":["post-22314","page","type-page","status-publish","hentry"],"jetpack_sharing_enabled":true,"jetpack_shortlink":"https:\/\/wp.me\/P7Iyza-5NU","jetpack_likes_enabled":true,"jetpack-related-posts":[{"id":21962,"url":"http:\/\/kathrinbode.de\/art\/2026-januar-monatsliste\/","url_meta":{"origin":22314,"position":0},"title":"2026 Januar Monatsliste","author":"Kathrin","date":"Februar 9, 2026","format":false,"excerpt":"01 2026 MonatslisteHerunterladen","rel":"","context":"\u00c4hnlicher Beitrag","block_context":{"text":"\u00c4hnlicher Beitrag","link":""},"img":{"alt_text":"","src":"","width":0,"height":0},"classes":[]},{"id":22193,"url":"http:\/\/kathrinbode.de\/art\/2026-maerz-monatsliste\/","url_meta":{"origin":22314,"position":1},"title":"2026 M\u00e4rz Monatsliste","author":"Kathrin","date":"April 5, 2026","format":false,"excerpt":"03_2026 M\u00e4rz MonatslisteHerunterladen","rel":"","context":"\u00c4hnlicher Beitrag","block_context":{"text":"\u00c4hnlicher Beitrag","link":""},"img":{"alt_text":"","src":"","width":0,"height":0},"classes":[]},{"id":22079,"url":"http:\/\/kathrinbode.de\/art\/2026-februar-monatsliste\/","url_meta":{"origin":22314,"position":2},"title":"2026 Februar Monatsliste","author":"Kathrin","date":"M\u00e4rz 8, 2026","format":false,"excerpt":"02_2026 Februar Monatsliste (1)Herunterladen","rel":"","context":"\u00c4hnlicher Beitrag","block_context":{"text":"\u00c4hnlicher Beitrag","link":""},"img":{"alt_text":"","src":"","width":0,"height":0},"classes":[]},{"id":19814,"url":"http:\/\/kathrinbode.de\/art\/2025-april-monatsliste\/","url_meta":{"origin":22314,"position":3},"title":"2025 April Monatsliste","author":"Kathrin","date":"Mai 2, 2025","format":false,"excerpt":"04_2025 April MonatslisteHerunterladen","rel":"","context":"\u00c4hnlicher Beitrag","block_context":{"text":"\u00c4hnlicher Beitrag","link":""},"img":{"alt_text":"","src":"","width":0,"height":0},"classes":[]},{"id":20943,"url":"http:\/\/kathrinbode.de\/art\/2025-august-monatsliste\/","url_meta":{"origin":22314,"position":4},"title":"2025 August Monatsliste","author":"Kathrin","date":"September 10, 2025","format":false,"excerpt":"08_2025 August MonatslisteHerunterladen","rel":"","context":"\u00c4hnlicher Beitrag","block_context":{"text":"\u00c4hnlicher Beitrag","link":""},"img":{"alt_text":"","src":"","width":0,"height":0},"classes":[]},{"id":21248,"url":"http:\/\/kathrinbode.de\/art\/2025-september-monatsliste\/","url_meta":{"origin":22314,"position":5},"title":"2025 September Monatsliste","author":"Kathrin","date":"Oktober 13, 2025","format":false,"excerpt":"09_2025 September MonatslisteHerunterladen","rel":"","context":"\u00c4hnlicher Beitrag","block_context":{"text":"\u00c4hnlicher Beitrag","link":""},"img":{"alt_text":"","src":"","width":0,"height":0},"classes":[]}],"_links":{"self":[{"href":"http:\/\/kathrinbode.de\/art\/wp-json\/wp\/v2\/pages\/22314","targetHints":{"allow":["GET"]}}],"collection":[{"href":"http:\/\/kathrinbode.de\/art\/wp-json\/wp\/v2\/pages"}],"about":[{"href":"http:\/\/kathrinbode.de\/art\/wp-json\/wp\/v2\/types\/page"}],"author":[{"embeddable":true,"href":"http:\/\/kathrinbode.de\/art\/wp-json\/wp\/v2\/users\/1"}],"replies":[{"embeddable":true,"href":"http:\/\/kathrinbode.de\/art\/wp-json\/wp\/v2\/comments?post=22314"}],"version-history":[{"count":1,"href":"http:\/\/kathrinbode.de\/art\/wp-json\/wp\/v2\/pages\/22314\/revisions"}],"predecessor-version":[{"id":22316,"href":"http:\/\/kathrinbode.de\/art\/wp-json\/wp\/v2\/pages\/22314\/revisions\/22316"}],"wp:attachment":[{"href":"http:\/\/kathrinbode.de\/art\/wp-json\/wp\/v2\/media?parent=22314"}],"curies":[{"name":"wp","href":"https:\/\/api.w.org\/{rel}","templated":true}]}}