{"id":22317,"date":"2026-05-02T15:01:21","date_gmt":"2026-05-02T14:01:21","guid":{"rendered":"https:\/\/kathrinbode.de\/art\/?page_id=22317"},"modified":"2026-05-02T15:01:23","modified_gmt":"2026-05-02T14:01:23","slug":"jahresuebersicht-2026","status":"publish","type":"page","link":"http:\/\/kathrinbode.de\/art\/jahresuebersicht-2026\/","title":{"rendered":"Jahres\u00fcbersicht 2026"},"content":{"rendered":"\n<div data-wp-interactive=\"core\/file\" class=\"wp-block-file\"><object data-wp-bind--hidden=\"!state.hasPdfPreview\" hidden class=\"wp-block-file__embed\" data=\"https:\/\/kathrinbode.de\/art\/wp-content\/uploads\/2026\/05\/2026-Jahresuebersicht-.pdf\" type=\"application\/pdf\" style=\"width:100%;height:600px\" aria-label=\"Einbettung von 2026 Jahres\u00fcbersicht.\"><\/object><a id=\"wp-block-file--media-137143a6-580b-4991-8281-86999979d813\" href=\"https:\/\/kathrinbode.de\/art\/wp-content\/uploads\/2026\/05\/2026-Jahresuebersicht-.pdf\">2026 Jahres\u00fcbersicht<\/a><a href=\"https:\/\/kathrinbode.de\/art\/wp-content\/uploads\/2026\/05\/2026-Jahresuebersicht-.pdf\" class=\"wp-block-file__button wp-element-button\" download aria-describedby=\"wp-block-file--media-137143a6-580b-4991-8281-86999979d813\">Herunterladen<\/a><\/div>\n","protected":false},"excerpt":{"rendered":"","protected":false},"author":1,"featured_media":0,"parent":0,"menu_order":0,"comment_status":"closed","ping_status":"closed","template":"","meta":{"_themeisle_gutenberg_block_has_review":false,"jetpack_post_was_ever_published":false,"footnotes":""},"class_list":["post-22317","page","type-page","status-publish","hentry"],"jetpack_sharing_enabled":true,"jetpack_shortlink":"https:\/\/wp.me\/P7Iyza-5NX","jetpack_likes_enabled":true,"jetpack-related-posts":[{"id":21962,"url":"http:\/\/kathrinbode.de\/art\/2026-januar-monatsliste\/","url_meta":{"origin":22317,"position":0},"title":"2026 Januar Monatsliste","author":"Kathrin","date":"Februar 9, 2026","format":false,"excerpt":"01 2026 MonatslisteHerunterladen","rel":"","context":"\u00c4hnlicher Beitrag","block_context":{"text":"\u00c4hnlicher Beitrag","link":""},"img":{"alt_text":"","src":"","width":0,"height":0},"classes":[]},{"id":22193,"url":"http:\/\/kathrinbode.de\/art\/2026-maerz-monatsliste\/","url_meta":{"origin":22317,"position":1},"title":"2026 M\u00e4rz Monatsliste","author":"Kathrin","date":"April 5, 2026","format":false,"excerpt":"03_2026 M\u00e4rz MonatslisteHerunterladen","rel":"","context":"\u00c4hnlicher Beitrag","block_context":{"text":"\u00c4hnlicher Beitrag","link":""},"img":{"alt_text":"","src":"","width":0,"height":0},"classes":[]},{"id":22314,"url":"http:\/\/kathrinbode.de\/art\/2026-april-monatsliste\/","url_meta":{"origin":22317,"position":2},"title":"2026 April Monatsliste","author":"Kathrin","date":"Mai 2, 2026","format":false,"excerpt":"04_2026 April MonatslisteHerunterladen","rel":"","context":"\u00c4hnlicher Beitrag","block_context":{"text":"\u00c4hnlicher Beitrag","link":""},"img":{"alt_text":"","src":"","width":0,"height":0},"classes":[]},{"id":22079,"url":"http:\/\/kathrinbode.de\/art\/2026-februar-monatsliste\/","url_meta":{"origin":22317,"position":3},"title":"2026 Februar Monatsliste","author":"Kathrin","date":"M\u00e4rz 8, 2026","format":false,"excerpt":"02_2026 Februar Monatsliste (1)Herunterladen","rel":"","context":"\u00c4hnlicher Beitrag","block_context":{"text":"\u00c4hnlicher Beitrag","link":""},"img":{"alt_text":"","src":"","width":0,"height":0},"classes":[]}],"_links":{"self":[{"href":"http:\/\/kathrinbode.de\/art\/wp-json\/wp\/v2\/pages\/22317","targetHints":{"allow":["GET"]}}],"collection":[{"href":"http:\/\/kathrinbode.de\/art\/wp-json\/wp\/v2\/pages"}],"about":[{"href":"http:\/\/kathrinbode.de\/art\/wp-json\/wp\/v2\/types\/page"}],"author":[{"embeddable":true,"href":"http:\/\/kathrinbode.de\/art\/wp-json\/wp\/v2\/users\/1"}],"replies":[{"embeddable":true,"href":"http:\/\/kathrinbode.de\/art\/wp-json\/wp\/v2\/comments?post=22317"}],"version-history":[{"count":1,"href":"http:\/\/kathrinbode.de\/art\/wp-json\/wp\/v2\/pages\/22317\/revisions"}],"predecessor-version":[{"id":22319,"href":"http:\/\/kathrinbode.de\/art\/wp-json\/wp\/v2\/pages\/22317\/revisions\/22319"}],"wp:attachment":[{"href":"http:\/\/kathrinbode.de\/art\/wp-json\/wp\/v2\/media?parent=22317"}],"curies":[{"name":"wp","href":"https:\/\/api.w.org\/{rel}","templated":true}]}}