{"id":2587,"date":"2016-12-28T17:38:15","date_gmt":"2016-12-28T15:38:15","guid":{"rendered":"http:\/\/kathrinbode.de\/art\/?page_id=2587"},"modified":"2019-05-11T14:45:47","modified_gmt":"2019-05-11T12:45:47","slug":"2017-2","status":"publish","type":"page","link":"http:\/\/kathrinbode.de\/art\/fotoalben\/2017-2\/","title":{"rendered":"Fotos 2018"},"content":{"rendered":"<p style=\"text-align: center;\"><span style=\"color: #ff6600;\"><strong>Fotos 2018<br \/>\n<\/strong><\/span><\/p>\n<p><strong><span style=\"color: #339966;\">Kl\u00e4rteiche Lehrte<\/span><\/strong><\/p>\n<p><strong><span style=\"color: #339966;\">Kl\u00e4rteiche Lehrte Natur<\/span><\/strong><\/p>\n<p><strong><span style=\"color: #808080;\">Graureiher Kolonie<\/span><br \/>\n<\/strong><span style=\"color: #008000;\"><strong>Natur woanders <\/strong><\/span>(Burgdorf, Aligse, Wald, Hohnhorst)<br \/>\n<span style=\"color: #ff00ff;\"><strong>Fotos 2018 <\/strong><\/span>(alles m\u00f6gliche!)<\/p>\n<p>Alle Fotos sind auf <a href=\"https:\/\/www.flickr.com\/photos\/katzenkralle\/collections\/72157668615509679\/\" target=\"_blank\" rel=\"noopener noreferrer\"><span style=\"color: #e81393;\">FLICKR<\/span><\/a> !<\/p>\n","protected":false},"excerpt":{"rendered":"<p>Fotos 2018 Kl\u00e4rteiche Lehrte Kl\u00e4rteiche Lehrte Natur Graureiher Kolonie Natur woanders (Burgdorf, Aligse, Wald, Hohnhorst) Fotos 2018 (alles m\u00f6gliche!) Alle Fotos sind auf FLICKR !<\/p>\n","protected":false},"author":1,"featured_media":0,"parent":28,"menu_order":6,"comment_status":"closed","ping_status":"closed","template":"","meta":{"_themeisle_gutenberg_block_has_review":false,"jetpack_post_was_ever_published":false,"footnotes":""},"class_list":["post-2587","page","type-page","status-publish","hentry"],"jetpack_sharing_enabled":true,"jetpack_shortlink":"https:\/\/wp.me\/P7Iyza-FJ","jetpack_likes_enabled":true,"jetpack-related-posts":[{"id":5215,"url":"http:\/\/kathrinbode.de\/art\/fotos-2019\/","url_meta":{"origin":2587,"position":0},"title":"Fotos 2019","author":"Kathrin","date":"Januar 30, 2019","format":false,"excerpt":"Kl\u00e4rteiche Lehrte 2019-> Januar -> Kl\u00e4rteiche Natur -> Lehrte Natur-> Lehrte- > Fotos 2019 allgemein Alle 2019 Fotos auf Flickr","rel":"","context":"\u00c4hnlicher Beitrag","block_context":{"text":"\u00c4hnlicher Beitrag","link":""},"img":{"alt_text":"","src":"","width":0,"height":0},"classes":[]},{"id":4960,"url":"http:\/\/kathrinbode.de\/art\/fotoalben\/2017-2\/klaerteiche-2018\/","url_meta":{"origin":2587,"position":1},"title":"Kl\u00e4rteiche 2018","author":"Kathrin","date":"Januar 17, 2018","format":false,"excerpt":"Tieraufnahmen aufgenommen bei den Kl\u00e4rteichen in Lehrte \u00a0 Kl\u00e4rteiche Lehrte - August 2018 - Juli 2018 - Juni 2018 - Mai 2018 - April 2018 - M\u00e4rz 2018 - Februar 2018 - Januar 2018 Kl\u00e4rteiche Lehrte Natur -\u00a0 April bis 2018 - Januar bis M\u00e4rz 2018","rel":"","context":"\u00c4hnlicher Beitrag","block_context":{"text":"\u00c4hnlicher Beitrag","link":""},"img":{"alt_text":"","src":"","width":0,"height":0},"classes":[]},{"id":5237,"url":"http:\/\/kathrinbode.de\/art\/fotos-2019\/natur-lehrte-umgebung\/","url_meta":{"origin":2587,"position":2},"title":"Natur Lehrte &#038; Umgebung","author":"Kathrin","date":"Januar 30, 2019","format":false,"excerpt":"","rel":"","context":"\u00c4hnlicher Beitrag","block_context":{"text":"\u00c4hnlicher Beitrag","link":""},"img":{"alt_text":"","src":"","width":0,"height":0},"classes":[]},{"id":5243,"url":"http:\/\/kathrinbode.de\/art\/fotos-2019\/klaerteiche-2019\/","url_meta":{"origin":2587,"position":3},"title":"Kl\u00e4rteiche 2019","author":"Kathrin","date":"Januar 30, 2019","format":false,"excerpt":"Januar","rel":"","context":"\u00c4hnlicher Beitrag","block_context":{"text":"\u00c4hnlicher Beitrag","link":""},"img":{"alt_text":"","src":"","width":0,"height":0},"classes":[]},{"id":5246,"url":"http:\/\/kathrinbode.de\/art\/fotos-2019\/klaerteiche-2019\/klaerteiche-januar-2019\/","url_meta":{"origin":2587,"position":4},"title":"Kl\u00e4rteiche Januar 2019","author":"Kathrin","date":"Januar 30, 2019","format":false,"excerpt":"","rel":"","context":"\u00c4hnlicher Beitrag","block_context":{"text":"\u00c4hnlicher Beitrag","link":""},"img":{"alt_text":"","src":"","width":0,"height":0},"classes":[]},{"id":5277,"url":"http:\/\/kathrinbode.de\/art\/fotos-2019\/klaerteiche-2019\/klaerteiche-februar-2019\/","url_meta":{"origin":2587,"position":5},"title":"Kl\u00e4rteiche Februar 2019","author":"Kathrin","date":"Februar 20, 2019","format":false,"excerpt":"","rel":"","context":"\u00c4hnlicher Beitrag","block_context":{"text":"\u00c4hnlicher Beitrag","link":""},"img":{"alt_text":"","src":"","width":0,"height":0},"classes":[]}],"_links":{"self":[{"href":"http:\/\/kathrinbode.de\/art\/wp-json\/wp\/v2\/pages\/2587","targetHints":{"allow":["GET"]}}],"collection":[{"href":"http:\/\/kathrinbode.de\/art\/wp-json\/wp\/v2\/pages"}],"about":[{"href":"http:\/\/kathrinbode.de\/art\/wp-json\/wp\/v2\/types\/page"}],"author":[{"embeddable":true,"href":"http:\/\/kathrinbode.de\/art\/wp-json\/wp\/v2\/users\/1"}],"replies":[{"embeddable":true,"href":"http:\/\/kathrinbode.de\/art\/wp-json\/wp\/v2\/comments?post=2587"}],"version-history":[{"count":12,"href":"http:\/\/kathrinbode.de\/art\/wp-json\/wp\/v2\/pages\/2587\/revisions"}],"predecessor-version":[{"id":5351,"href":"http:\/\/kathrinbode.de\/art\/wp-json\/wp\/v2\/pages\/2587\/revisions\/5351"}],"up":[{"embeddable":true,"href":"http:\/\/kathrinbode.de\/art\/wp-json\/wp\/v2\/pages\/28"}],"wp:attachment":[{"href":"http:\/\/kathrinbode.de\/art\/wp-json\/wp\/v2\/media?parent=2587"}],"curies":[{"name":"wp","href":"https:\/\/api.w.org\/{rel}","templated":true}]}}