{"id":28,"date":"2016-07-14T10:58:55","date_gmt":"2016-07-14T10:58:55","guid":{"rendered":"http:\/\/kathrinbode.de\/art\/?page_id=28"},"modified":"2016-07-14T10:58:55","modified_gmt":"2016-07-14T10:58:55","slug":"fotoalben","status":"publish","type":"page","link":"http:\/\/kathrinbode.de\/art\/fotoalben\/","title":{"rendered":"Fotoalben"},"content":{"rendered":"","protected":false},"excerpt":{"rendered":"","protected":false},"author":1,"featured_media":0,"parent":0,"menu_order":3,"comment_status":"closed","ping_status":"closed","template":"","meta":{"_themeisle_gutenberg_block_has_review":false,"jetpack_post_was_ever_published":false,"footnotes":""},"class_list":["post-28","page","type-page","status-publish","hentry"],"jetpack_sharing_enabled":true,"jetpack_shortlink":"https:\/\/wp.me\/P7Iyza-s","jetpack_likes_enabled":true,"jetpack-related-posts":[{"id":52,"url":"http:\/\/kathrinbode.de\/art\/fotoalben\/lehrte-damals-heute\/","url_meta":{"origin":28,"position":0},"title":"Lehrte Damals \/ Heute","author":"Kathrin","date":"Juli 14, 2016","format":false,"excerpt":"","rel":"","context":"\u00c4hnlicher Beitrag","block_context":{"text":"\u00c4hnlicher Beitrag","link":""},"img":{"alt_text":"","src":"https:\/\/i0.wp.com\/kathrinbode.de\/art\/wp-content\/uploads\/2019\/05\/Wilhemstra%C3%9Fe.jpg?fit=1200%2C344&resize=350%2C200","width":350,"height":200,"srcset":"https:\/\/i0.wp.com\/kathrinbode.de\/art\/wp-content\/uploads\/2019\/05\/Wilhemstra%C3%9Fe.jpg?fit=1200%2C344&resize=350%2C200 1x, https:\/\/i0.wp.com\/kathrinbode.de\/art\/wp-content\/uploads\/2019\/05\/Wilhemstra%C3%9Fe.jpg?fit=1200%2C344&resize=525%2C300 1.5x, https:\/\/i0.wp.com\/kathrinbode.de\/art\/wp-content\/uploads\/2019\/05\/Wilhemstra%C3%9Fe.jpg?fit=1200%2C344&resize=700%2C400 2x, https:\/\/i0.wp.com\/kathrinbode.de\/art\/wp-content\/uploads\/2019\/05\/Wilhemstra%C3%9Fe.jpg?fit=1200%2C344&resize=1050%2C600 3x"},"classes":[]},{"id":4253,"url":"http:\/\/kathrinbode.de\/art\/fotoalben\/muehlenmuseum-gifhorn\/","url_meta":{"origin":28,"position":1},"title":"2017 M\u00fchlenmuseum Gifhorn","author":"Kathrin","date":"Oktober 4, 2017","format":false,"excerpt":"","rel":"","context":"\u00c4hnlicher Beitrag","block_context":{"text":"\u00c4hnlicher Beitrag","link":""},"img":{"alt_text":"","src":"","width":0,"height":0},"classes":[]},{"id":5132,"url":"http:\/\/kathrinbode.de\/art\/fotoalben\/2017-2\/lehrte\/","url_meta":{"origin":28,"position":2},"title":"Lehrte","author":"Kathrin","date":"Oktober 28, 2018","format":false,"excerpt":"","rel":"","context":"\u00c4hnlicher Beitrag","block_context":{"text":"\u00c4hnlicher Beitrag","link":""},"img":{"alt_text":"","src":"","width":0,"height":0},"classes":[]},{"id":5136,"url":"http:\/\/kathrinbode.de\/art\/fotoalben\/2017-2\/wildtierkamera\/","url_meta":{"origin":28,"position":3},"title":"Wildtierkamera","author":"Kathrin","date":"Oktober 28, 2018","format":false,"excerpt":"","rel":"","context":"\u00c4hnlicher Beitrag","block_context":{"text":"\u00c4hnlicher Beitrag","link":""},"img":{"alt_text":"","src":"","width":0,"height":0},"classes":[]},{"id":4987,"url":"http:\/\/kathrinbode.de\/art\/fotoalben\/2017-2\/fotos-2018\/","url_meta":{"origin":28,"position":4},"title":"Fotos 2018","author":"Kathrin","date":"M\u00e4rz 5, 2018","format":false,"excerpt":"","rel":"","context":"\u00c4hnlicher Beitrag","block_context":{"text":"\u00c4hnlicher Beitrag","link":""},"img":{"alt_text":"","src":"","width":0,"height":0},"classes":[]},{"id":5001,"url":"http:\/\/kathrinbode.de\/art\/fotoalben\/2017-2\/5001-2\/","url_meta":{"origin":28,"position":5},"title":"Graureiher Kolonie","author":"Kathrin","date":"M\u00e4rz 31, 2018","format":false,"excerpt":"\u00a0","rel":"","context":"\u00c4hnlicher Beitrag","block_context":{"text":"\u00c4hnlicher Beitrag","link":""},"img":{"alt_text":"","src":"","width":0,"height":0},"classes":[]}],"_links":{"self":[{"href":"http:\/\/kathrinbode.de\/art\/wp-json\/wp\/v2\/pages\/28","targetHints":{"allow":["GET"]}}],"collection":[{"href":"http:\/\/kathrinbode.de\/art\/wp-json\/wp\/v2\/pages"}],"about":[{"href":"http:\/\/kathrinbode.de\/art\/wp-json\/wp\/v2\/types\/page"}],"author":[{"embeddable":true,"href":"http:\/\/kathrinbode.de\/art\/wp-json\/wp\/v2\/users\/1"}],"replies":[{"embeddable":true,"href":"http:\/\/kathrinbode.de\/art\/wp-json\/wp\/v2\/comments?post=28"}],"version-history":[{"count":1,"href":"http:\/\/kathrinbode.de\/art\/wp-json\/wp\/v2\/pages\/28\/revisions"}],"predecessor-version":[{"id":29,"href":"http:\/\/kathrinbode.de\/art\/wp-json\/wp\/v2\/pages\/28\/revisions\/29"}],"wp:attachment":[{"href":"http:\/\/kathrinbode.de\/art\/wp-json\/wp\/v2\/media?parent=28"}],"curies":[{"name":"wp","href":"https:\/\/api.w.org\/{rel}","templated":true}]}}