{"id":4716,"date":"2017-11-26T15:26:04","date_gmt":"2017-11-26T13:26:04","guid":{"rendered":"http:\/\/kathrinbode.de\/art\/?page_id=4716"},"modified":"2017-11-26T15:26:04","modified_gmt":"2017-11-26T13:26:04","slug":"trixie-katzenspielzeug-turning-feather","status":"publish","type":"page","link":"http:\/\/kathrinbode.de\/art\/tierisches\/trixie-katzenspielzeug-turning-feather\/","title":{"rendered":"Trixie Katzenspielzeug Turning Feather"},"content":{"rendered":"<p>Dieses Spielzeug kam nun im Katzenhaushalt an. Vor allem Jack liebt ja &#8222;Federn&#8220; sehr.<br \/>\nSchnell war es ausgepackt und es muss nichts weiter aufgebaut werden. Was man braucht sind Batterien. Und zwar drei St\u00fcck (3 AA-Mignon-Batterien).<br \/>\nJack mag alles Neue und war schnell dabei. Bob hat alles aus sicherer Entfernung beobachtet und sich nach einiger Zeit n\u00e4her heran getraut. Wie das funktioniert, dieses Feder-Jagen hat er ja bei Jack gesehen. Jack hat einfach drauf los gespielt und findet dieses &#8222;Feder-hin-und-her-Wirbel-Ding&#8220; klasse. Bob w\u00fcrde sagen: Naja, es gibt spannenderes. Bob ist aber selten Fan von &#8222;Katzenspielzeug&#8220;.<\/p>\n<p><a href=\"https:\/\/i0.wp.com\/kathrinbode.de\/art\/wp-content\/uploads\/2017\/11\/IMG_6219.jpg\" rel=\"wpdevart_lightbox\"><img data-recalc-dims=\"1\" loading=\"lazy\" decoding=\"async\" data-attachment-id=\"4710\" data-permalink=\"http:\/\/kathrinbode.de\/art\/2017\/11\/trixie-katzenspielzeug-turning-feather-produkttest\/img_6219\/\" data-orig-file=\"https:\/\/i0.wp.com\/kathrinbode.de\/art\/wp-content\/uploads\/2017\/11\/IMG_6219.jpg?fit=999%2C668\" data-orig-size=\"999,668\" data-comments-opened=\"1\" data-image-meta=\"{&quot;aperture&quot;:&quot;0&quot;,&quot;credit&quot;:&quot;&quot;,&quot;camera&quot;:&quot;&quot;,&quot;caption&quot;:&quot;&quot;,&quot;created_timestamp&quot;:&quot;0&quot;,&quot;copyright&quot;:&quot;&quot;,&quot;focal_length&quot;:&quot;0&quot;,&quot;iso&quot;:&quot;0&quot;,&quot;shutter_speed&quot;:&quot;0&quot;,&quot;title&quot;:&quot;&quot;,&quot;orientation&quot;:&quot;0&quot;}\" data-image-title=\"IMG_6219\" data-image-description=\"\" data-image-caption=\"\" data-large-file=\"https:\/\/i0.wp.com\/kathrinbode.de\/art\/wp-content\/uploads\/2017\/11\/IMG_6219.jpg?fit=999%2C668\" class=\"aligncenter size-medium wp-image-4710\" src=\"https:\/\/i0.wp.com\/kathrinbode.de\/art\/wp-content\/uploads\/2017\/11\/IMG_6219.jpg?resize=300%2C201\" alt=\"\" width=\"300\" height=\"201\" srcset=\"https:\/\/i0.wp.com\/kathrinbode.de\/art\/wp-content\/uploads\/2017\/11\/IMG_6219.jpg?resize=300%2C201 300w, https:\/\/i0.wp.com\/kathrinbode.de\/art\/wp-content\/uploads\/2017\/11\/IMG_6219.jpg?resize=768%2C514 768w, https:\/\/i0.wp.com\/kathrinbode.de\/art\/wp-content\/uploads\/2017\/11\/IMG_6219.jpg?w=999 999w\" sizes=\"auto, (max-width: 300px) 100vw, 300px\" \/><\/a><\/p>\n<p>Die Feder wirbelt recht wild herum und macht dabei ein noch sehr leises Ger\u00e4usch. Das Tempo war f\u00fcr mein Empfinden zu schnell, doch Jack war begeisert und hat lange (ca. 10 Minuten) gespielt. Das Spielzeug wirkt recht stabil. Wie lange es Jacks &#8222;Hau-Attacken&#8220; aush\u00e4lt werden wir sehen. Auf glattem Boden ist es rutschfest &#8211; au\u00dfer man schmei\u00dft sich wie Jack dagegen. St\u00f6rt aber nicht, wenn es ein wenig durch die Wohnung geschoben wird.<\/p>\n<p><a href=\"https:\/\/i0.wp.com\/kathrinbode.de\/art\/wp-content\/uploads\/2017\/11\/IMG_6227.jpg\" rel=\"wpdevart_lightbox\"><img data-recalc-dims=\"1\" loading=\"lazy\" decoding=\"async\" data-attachment-id=\"4711\" data-permalink=\"http:\/\/kathrinbode.de\/art\/2017\/11\/trixie-katzenspielzeug-turning-feather-produkttest\/img_6227\/\" data-orig-file=\"https:\/\/i0.wp.com\/kathrinbode.de\/art\/wp-content\/uploads\/2017\/11\/IMG_6227.jpg?fit=999%2C701\" data-orig-size=\"999,701\" data-comments-opened=\"1\" data-image-meta=\"{&quot;aperture&quot;:&quot;0&quot;,&quot;credit&quot;:&quot;&quot;,&quot;camera&quot;:&quot;&quot;,&quot;caption&quot;:&quot;&quot;,&quot;created_timestamp&quot;:&quot;0&quot;,&quot;copyright&quot;:&quot;&quot;,&quot;focal_length&quot;:&quot;0&quot;,&quot;iso&quot;:&quot;0&quot;,&quot;shutter_speed&quot;:&quot;0&quot;,&quot;title&quot;:&quot;&quot;,&quot;orientation&quot;:&quot;0&quot;}\" data-image-title=\"IMG_6227\" data-image-description=\"\" data-image-caption=\"\" data-large-file=\"https:\/\/i0.wp.com\/kathrinbode.de\/art\/wp-content\/uploads\/2017\/11\/IMG_6227.jpg?fit=999%2C701\" class=\"aligncenter size-medium wp-image-4711\" src=\"https:\/\/i0.wp.com\/kathrinbode.de\/art\/wp-content\/uploads\/2017\/11\/IMG_6227.jpg?resize=300%2C211\" alt=\"\" width=\"300\" height=\"211\" srcset=\"https:\/\/i0.wp.com\/kathrinbode.de\/art\/wp-content\/uploads\/2017\/11\/IMG_6227.jpg?resize=300%2C211 300w, https:\/\/i0.wp.com\/kathrinbode.de\/art\/wp-content\/uploads\/2017\/11\/IMG_6227.jpg?resize=768%2C539 768w, https:\/\/i0.wp.com\/kathrinbode.de\/art\/wp-content\/uploads\/2017\/11\/IMG_6227.jpg?w=999 999w\" sizes=\"auto, (max-width: 300px) 100vw, 300px\" \/><\/a><a href=\"https:\/\/i0.wp.com\/kathrinbode.de\/art\/wp-content\/uploads\/2017\/11\/IMG_6231.jpg\" rel=\"wpdevart_lightbox\"><img data-recalc-dims=\"1\" loading=\"lazy\" decoding=\"async\" data-attachment-id=\"4712\" data-permalink=\"http:\/\/kathrinbode.de\/art\/2017\/11\/trixie-katzenspielzeug-turning-feather-produkttest\/img_6231\/\" data-orig-file=\"https:\/\/i0.wp.com\/kathrinbode.de\/art\/wp-content\/uploads\/2017\/11\/IMG_6231.jpg?fit=1000%2C750\" data-orig-size=\"1000,750\" data-comments-opened=\"1\" data-image-meta=\"{&quot;aperture&quot;:&quot;0&quot;,&quot;credit&quot;:&quot;&quot;,&quot;camera&quot;:&quot;&quot;,&quot;caption&quot;:&quot;&quot;,&quot;created_timestamp&quot;:&quot;0&quot;,&quot;copyright&quot;:&quot;&quot;,&quot;focal_length&quot;:&quot;0&quot;,&quot;iso&quot;:&quot;0&quot;,&quot;shutter_speed&quot;:&quot;0&quot;,&quot;title&quot;:&quot;&quot;,&quot;orientation&quot;:&quot;0&quot;}\" data-image-title=\"IMG_6231\" data-image-description=\"\" data-image-caption=\"\" data-large-file=\"https:\/\/i0.wp.com\/kathrinbode.de\/art\/wp-content\/uploads\/2017\/11\/IMG_6231.jpg?fit=1000%2C750\" class=\"aligncenter size-medium wp-image-4712\" src=\"https:\/\/i0.wp.com\/kathrinbode.de\/art\/wp-content\/uploads\/2017\/11\/IMG_6231.jpg?resize=300%2C225\" alt=\"\" width=\"300\" height=\"225\" srcset=\"https:\/\/i0.wp.com\/kathrinbode.de\/art\/wp-content\/uploads\/2017\/11\/IMG_6231.jpg?resize=300%2C225 300w, https:\/\/i0.wp.com\/kathrinbode.de\/art\/wp-content\/uploads\/2017\/11\/IMG_6231.jpg?resize=768%2C576 768w, https:\/\/i0.wp.com\/kathrinbode.de\/art\/wp-content\/uploads\/2017\/11\/IMG_6231.jpg?w=1000 1000w\" sizes=\"auto, (max-width: 300px) 100vw, 300px\" \/><\/a><\/p>\n<p>Den &#8222;An-Knopf&#8220; musste ich erst einmal suchen. Nach 15 Minuten schaltet sich das Ger\u00e4t von alleine aus.<\/p>\n<p>Bilder und Video sprechen B\u00e4nde =) Ein Fehlkauf war es sicher nicht!<\/p>\n<div class=\"jetpack-video-wrapper\"><span class=\"embed-youtube\" style=\"text-align:center; display: block;\"><iframe loading=\"lazy\" class=\"youtube-player\" width=\"640\" height=\"360\" src=\"https:\/\/www.youtube.com\/embed\/TLP7nSJzk2o?version=3&#038;rel=1&#038;showsearch=0&#038;showinfo=1&#038;iv_load_policy=1&#038;fs=1&#038;hl=de-DE&#038;autohide=2&#038;wmode=transparent\" allowfullscreen=\"true\" style=\"border:0;\" sandbox=\"allow-scripts allow-same-origin allow-popups allow-presentation allow-popups-to-escape-sandbox\"><\/iframe><\/span><\/div>\n","protected":false},"excerpt":{"rendered":"<p>Dieses Spielzeug kam nun im Katzenhaushalt an. Vor allem Jack liebt ja &#8222;Federn&#8220; sehr. Schnell war es ausgepackt und es muss nichts weiter aufgebaut werden. Was man braucht sind Batterien.&hellip;<\/p>\n","protected":false},"author":1,"featured_media":0,"parent":4492,"menu_order":4,"comment_status":"closed","ping_status":"closed","template":"","meta":{"_themeisle_gutenberg_block_has_review":false,"jetpack_post_was_ever_published":false,"footnotes":""},"class_list":["post-4716","page","type-page","status-publish","hentry"],"jetpack_sharing_enabled":true,"jetpack_shortlink":"https:\/\/wp.me\/P7Iyza-1e4","jetpack_likes_enabled":true,"jetpack-related-posts":[{"id":4496,"url":"http:\/\/kathrinbode.de\/art\/tierisches\/wellensittiche-die-darwin-voliere-von-fressnapf\/","url_meta":{"origin":4716,"position":0},"title":"Wellensittiche &#8211; die Darwin Voliere von Fressnapf","author":"Kathrin","date":"Oktober 29, 2017","format":false,"excerpt":"An diesem Wochenende gab es keinen Ausflug zu den Teichen. Volierenaufbau und Chaosbeseitigung waren angesagt. Gekauft haben wir die Voliere beim Fressnapf in Burgdorf. Wohl ein \u00e4lteres Modell. Die neue Version hat als Schutz unten Plexiglas und nicht Pappe. Nun gut. Der nette Verk\u00e4ufer hat dieses schwere Monstrum-Paket f\u00fcr uns\u2026","rel":"","context":"\u00c4hnlicher Beitrag","block_context":{"text":"\u00c4hnlicher Beitrag","link":""},"img":{"alt_text":"","src":"https:\/\/i0.wp.com\/kathrinbode.de\/art\/wp-content\/uploads\/2017\/04\/DSC_0001-300x200.jpg?resize=350%2C200","width":350,"height":200},"classes":[]},{"id":4494,"url":"http:\/\/kathrinbode.de\/art\/tierisches\/kater-bob-und-das-zaehneputzen\/","url_meta":{"origin":4716,"position":1},"title":"Kater Bob und das Z\u00e4hneputzen","author":"Kathrin","date":"Oktober 29, 2017","format":false,"excerpt":"Kann man Katzen Z\u00e4hneputzen? Bob hat Zahnstein und zwar massig! Eine kleine Entz\u00fcndung ist auch dabei. Nun ist Z\u00e4hneputzen angesagt. Und ja, das klappt. Bei Bob. Bei Jack w\u00e4re das eine ganz andere Geschichte. Doch Bob l\u00e4sst sich die Z\u00e4hne putzen. Ein wenig m\u00fcssen wir (nein ich) noch \u00fcben, damit\u2026","rel":"","context":"\u00c4hnlicher Beitrag","block_context":{"text":"\u00c4hnlicher Beitrag","link":""},"img":{"alt_text":"","src":"https:\/\/i0.wp.com\/kathrinbode.de\/art\/wp-content\/uploads\/2017\/07\/Bob-23_06_2017-7-300x239.jpg?resize=350%2C200","width":350,"height":200},"classes":[]},{"id":4705,"url":"http:\/\/kathrinbode.de\/art\/tierisches\/die-tierischen-mitbewohner\/","url_meta":{"origin":4716,"position":2},"title":"die tierischen Mitbewohner","author":"Kathrin","date":"November 26, 2017","format":false,"excerpt":"Bobby, genannt Bob. Geboren ca. Sommer 2012 und der Mensch hat das Datum einfach auf den 24.08.2012 festgelegt. Eingezogen ist Bob hier am 15. Mai 2013. Er ist ein \"Rettungskater\". Seine urspr\u00fcngliche menschliche \"Familie\" wollte ihn aussetzen. \u00dcber eine weitere Person kam er dann schnell zu mir. Riesig, abgemagert mit\u2026","rel":"","context":"\u00c4hnlicher Beitrag","block_context":{"text":"\u00c4hnlicher Beitrag","link":""},"img":{"alt_text":"","src":"https:\/\/i0.wp.com\/kathrinbode.de\/art\/wp-content\/uploads\/2019\/05\/Jack-09_02_2017-7-1.jpg?resize=350%2C200","width":350,"height":200,"srcset":"https:\/\/i0.wp.com\/kathrinbode.de\/art\/wp-content\/uploads\/2019\/05\/Jack-09_02_2017-7-1.jpg?resize=350%2C200 1x, https:\/\/i0.wp.com\/kathrinbode.de\/art\/wp-content\/uploads\/2019\/05\/Jack-09_02_2017-7-1.jpg?resize=525%2C300 1.5x, https:\/\/i0.wp.com\/kathrinbode.de\/art\/wp-content\/uploads\/2019\/05\/Jack-09_02_2017-7-1.jpg?resize=700%2C400 2x, https:\/\/i0.wp.com\/kathrinbode.de\/art\/wp-content\/uploads\/2019\/05\/Jack-09_02_2017-7-1.jpg?resize=1050%2C600 3x"},"classes":[]},{"id":4492,"url":"http:\/\/kathrinbode.de\/art\/tierisches\/","url_meta":{"origin":4716,"position":3},"title":"Tierisches","author":"Kathrin","date":"Oktober 29, 2017","format":false,"excerpt":"Bobby, genannt Bob. Geboren ca. Sommer 2012 und der Mensch hat das Datum einfach auf den 24.08.2012 festgelegt. Eingezogen ist Bob hier am 15. Mai 2013. Er ist ein \"Rettungskater\". Seine urspr\u00fcngliche menschliche \"Familie\" wollte ihn aussetzen. \u00dcber eine weitere Person kam er dann schnell zu mir. Riesig, abgemagert mit\u2026","rel":"","context":"\u00c4hnlicher Beitrag","block_context":{"text":"\u00c4hnlicher Beitrag","link":""},"img":{"alt_text":"","src":"https:\/\/i0.wp.com\/kathrinbode.de\/art\/wp-content\/uploads\/2017\/03\/Bob-13_02_2017-1-1-300x200.jpg?resize=350%2C200","width":350,"height":200},"classes":[]},{"id":1481,"url":"http:\/\/kathrinbode.de\/art\/kreatives\/der-wellensittich-der-vom-kater-gerettet-wurde-kurzgeschichte\/","url_meta":{"origin":4716,"position":4},"title":"Der Wellensittich, der vom Kater gerettet wurde (Kurzgeschichte)","author":"Kathrin","date":"Juli 14, 2016","format":false,"excerpt":"Der Wellensittich, der vom Kater gerettet wurde Es war Februar. Und kalt. Februar eben. Das ganze ist schon einige Jahre her, damals wohnte ich noch im Haus meiner Eltern im Dachgeschoss. Zusammen mit zwei alten Wellensittichen, Oma und Opa. Beide schon an die 10 Jahre alt. An diesem Tag im\u2026","rel":"","context":"\u00c4hnlicher Beitrag","block_context":{"text":"\u00c4hnlicher Beitrag","link":""},"img":{"alt_text":"","src":"https:\/\/i0.wp.com\/kathrinbode.de\/art\/wp-content\/uploads\/2016\/07\/17_06_2016_Wellensittich-3-1.jpg?fit=1000%2C830&resize=350%2C200","width":350,"height":200,"srcset":"https:\/\/i0.wp.com\/kathrinbode.de\/art\/wp-content\/uploads\/2016\/07\/17_06_2016_Wellensittich-3-1.jpg?fit=1000%2C830&resize=350%2C200 1x, https:\/\/i0.wp.com\/kathrinbode.de\/art\/wp-content\/uploads\/2016\/07\/17_06_2016_Wellensittich-3-1.jpg?fit=1000%2C830&resize=525%2C300 1.5x, https:\/\/i0.wp.com\/kathrinbode.de\/art\/wp-content\/uploads\/2016\/07\/17_06_2016_Wellensittich-3-1.jpg?fit=1000%2C830&resize=700%2C400 2x"},"classes":[]},{"id":1479,"url":"http:\/\/kathrinbode.de\/art\/kreatives\/der-kater-der-vom-himmel-fiel-kurzgeschichte\/","url_meta":{"origin":4716,"position":5},"title":"Der Kater, der vom Himmel fiel (Kurzgeschichte)","author":"Kathrin","date":"Juli 14, 2016","format":false,"excerpt":"Der Kater, der vom Himmel fiel Angefangen hatte es Ostern vor einem Jahr. Meine Mutter und ich waren im Garten, als wir hinter unserer Hecke ein ganz kl\u00e4gliches Miauen h\u00f6rten. Das Miauen geh\u00f6rte zu der Katze unseres Nachbarn. Er hatte zwei Katzen. Die eine war eine sehr Menschenbezogene Katze. Die\u2026","rel":"","context":"\u00c4hnlicher Beitrag","block_context":{"text":"\u00c4hnlicher Beitrag","link":""},"img":{"alt_text":"","src":"https:\/\/i0.wp.com\/kathrinbode.de\/art\/wp-content\/uploads\/2016\/07\/DSC_0086.jpg?fit=1199%2C794&resize=350%2C200","width":350,"height":200,"srcset":"https:\/\/i0.wp.com\/kathrinbode.de\/art\/wp-content\/uploads\/2016\/07\/DSC_0086.jpg?fit=1199%2C794&resize=350%2C200 1x, https:\/\/i0.wp.com\/kathrinbode.de\/art\/wp-content\/uploads\/2016\/07\/DSC_0086.jpg?fit=1199%2C794&resize=525%2C300 1.5x, https:\/\/i0.wp.com\/kathrinbode.de\/art\/wp-content\/uploads\/2016\/07\/DSC_0086.jpg?fit=1199%2C794&resize=700%2C400 2x, https:\/\/i0.wp.com\/kathrinbode.de\/art\/wp-content\/uploads\/2016\/07\/DSC_0086.jpg?fit=1199%2C794&resize=1050%2C600 3x"},"classes":[]}],"_links":{"self":[{"href":"http:\/\/kathrinbode.de\/art\/wp-json\/wp\/v2\/pages\/4716","targetHints":{"allow":["GET"]}}],"collection":[{"href":"http:\/\/kathrinbode.de\/art\/wp-json\/wp\/v2\/pages"}],"about":[{"href":"http:\/\/kathrinbode.de\/art\/wp-json\/wp\/v2\/types\/page"}],"author":[{"embeddable":true,"href":"http:\/\/kathrinbode.de\/art\/wp-json\/wp\/v2\/users\/1"}],"replies":[{"embeddable":true,"href":"http:\/\/kathrinbode.de\/art\/wp-json\/wp\/v2\/comments?post=4716"}],"version-history":[{"count":1,"href":"http:\/\/kathrinbode.de\/art\/wp-json\/wp\/v2\/pages\/4716\/revisions"}],"predecessor-version":[{"id":4717,"href":"http:\/\/kathrinbode.de\/art\/wp-json\/wp\/v2\/pages\/4716\/revisions\/4717"}],"up":[{"embeddable":true,"href":"http:\/\/kathrinbode.de\/art\/wp-json\/wp\/v2\/pages\/4492"}],"wp:attachment":[{"href":"http:\/\/kathrinbode.de\/art\/wp-json\/wp\/v2\/media?parent=4716"}],"curies":[{"name":"wp","href":"https:\/\/api.w.org\/{rel}","templated":true}]}}