{"id":5025,"date":"2018-05-06T16:50:26","date_gmt":"2018-05-06T14:50:26","guid":{"rendered":"http:\/\/kathrinbode.de\/art\/?page_id=5025"},"modified":"2019-05-13T07:48:57","modified_gmt":"2019-05-13T05:48:57","slug":"mai-2018","status":"publish","type":"page","link":"http:\/\/kathrinbode.de\/art\/fotoalben\/2017-2\/klaerteiche-2018\/mai-2018\/","title":{"rendered":"Mai 2018"},"content":{"rendered":"\t\t\t\t<style>\n\t\t\t\t.LoadingImg img {\n\t\t\t\t\tmax-width: 45px;\n\t\t\t\t\tmax-height: 45px;\n\t\t\t\t\tbox-shadow:  none;\n\t\t\t\t}\n\t\t\t\t\n\t\t\t\t#fagp_5023 .img-thumbnail {\n\t\t\t\t\tpadding: 4px;\n\t\t\t\t}\n\n\t\t\t\t#fagp_5023 .b-link-fade .b-wrapper,#fagp_5023 .b-link-fade .b-top-line{\n\t\t\t\t\tbackground: rgba(200, 133, 219, 0.5);\n\t\t\t\t}\n\t\t\t\t#fagp_5023 .b-link-flow .b-wrapper,#fagp_5023 .b-link-flow .b-top-line{\n\t\t\t\t\tbackground: rgba(200, 133, 219, 0.5);\n\t\t\t\t}\n\t\t\t\t#fagp_5023 .b-link-stroke .b-top-line{\n\t\t\t\t\tbackground: rgba(200, 133, 219, 0.5);\n\t\t\t\t}\n\t\t\t\t#fagp_5023 .b-link-stroke .b-bottom-line{\n\t\t\t\t\tbackground: rgba(200, 133, 219, 0.5);\n\t\t\t\t}\n\n\t\t\t\t#fagp_5023 .b-link-box .b-top-line{\n\t\t\t\t\tborder: 16px solid rgba(200, 133, 219, 0.5);\n\t\t\t\t}\n\t\t\t\t#fagp_5023 .b-link-box .b-bottom-line{\n\t\t\t\t\tbackground: rgba(200, 133, 219, 0.5);\n\t\t\t\t}\n\t\t\t\t#fagp_5023 .b-link-stripe .b-line{\n\t\t\t\t\tbackground: rgba(200, 133, 219, 0.5);\n\t\t\t\t}\n\t\t\t\t#fagp_5023 .b-link-apart-horisontal .b-top-line,#fagp_5023 .b-link-apart-horisontal .b-top-line-up{\n\t\t\t\t\tbackground: rgba(200, 133, 219, 0.5);\n\t\t\t\t}\n\t\t\t\t#fagp_5023 .b-link-apart-horisontal .b-bottom-line,#fagp_5023 .b-link-apart-horisontal .b-bottom-line-up{\n\t\t\t\t\tbackground: rgba(200, 133, 219, 0.5);\n\t\t\t\t}\n\t\t\t\t#fagp_5023 .b-link-apart-vertical .b-top-line,#fagp_5023 .b-link-apart-vertical .b-top-line-up{\n\t\t\t\t\tbackground: rgba(200, 133, 219, 0.5);\n\t\t\t\t}\n\t\t\t\t#fagp_5023 .b-link-apart-vertical .b-bottom-line,#fagp_5023 .b-link-apart-vertical .b-bottom-line-up{\n\t\t\t\t\tbackground: rgba(200, 133, 219, 0.5);\n\t\t\t\t}\n\t\t\t\t#fagp_5023 .b-link-diagonal .b-line{\n\t\t\t\t\tbackground: rgba(200, 133, 219, 0.5);\n\t\t\t\t}\n\t\t\t\t\n\t\t\t\t#fagp_5023 .hidepics {\n\t\t\t\t\tdisplay: none !important;\n\t\t\t\t}\n\n\t\t\t\t@media (min-width: 992px){\n\t\t\t\t\t#fagp_5023 .col-md-6 {\n\t\t\t\t\twidth: 49.97% !important;\n\t\t\t\t\t}\n\t\t\t\t\t#fagp_5023 .col-md-4 {\n\t\t\t\t\twidth: 33.30% !important;\n\t\t\t\t\t}\n\t\t\t\t\t#fagp_5023 .col-md-3 {\n\t\t\t\t\twidth: 24.90% !important;\n\t\t\t\t\t}\n\t\t\t\t\t#fagp_5023 .col-md-2 {\n\t\t\t\t\twidth: 16.60% !important;\n\t\t\t\t\t}\n\t\t\t\t\t#fagp_5023 .col-md-5 {\n\t\t\t\t\twidth: 20% !important;\n\t\t\t\t\t}\n\t\t\t\t\t#fagp_5023 .col-md-8 {\n\t\t\t\t\twidth: 12% !important;\n\t\t\t\t\t}\n\t\t\t\t\t#fagp_5023 .col-md-10 {\n\t\t\t\t\twidth: 10% !important;\n\t\t\t\t\t}\n\t\t\t\t \n\t\t\t\t}\n\t\t\t\t\n\t\t\t\t#lightbox .lb-outerContainer{\n\t\t\t\t\twidth: 100%;\n\t\t\t\t\theight: 100%;\n\t\t\t\t}\n\t\t\t\t\t\t\t\t\n\t\t\t\t\t\t\t\t<\/style>\n\t\t\t\t<script type=\"text\/javascript\">\n\t\t\t\tjQuery(function() {\n\t\t\t\t\t\/\/ Engage gallery.\n\t\t\t\t\tjQuery('.gallery5023').flickr5023({\n\t\t\t\t\t\tapiKey: 'e54499be5aedef32dccbf89df9eaf921',\n\t\t\t\t\t\tphotosetId: '72157695804261064',\n\t\t\t\t\t\tloadingSpeed: 2,\n\t\t\t\t\t\tphotosLimit: 150\t\t\t\t\t});\n\t\t\t\t});\n\t\t\t\t\n\t\t\t\t\/*\n\t\t\t\t* jQuery Flickr Photoset\n\t\t\t\t* https:\/\/github.com\/hadalin\/jquery-flickr-photoset\n\t\t\t\t*\n\t\t\t\t* Copyright 2014, Primo\u017e Hadalin\n\t\t\t\t*\n\t\t\t\t* Licensed under the MIT license:\n\t\t\t\t* http:\/\/www.opensource.org\/licenses\/MIT\n\t\t\t\t*\/\n\n\t\t\t\t;(function (jQuery, window, document, undefined) {\n\t\t\t\t\tvar fcount = 1;\n\t\t\t\t\/\/\talert(fcount);\n\t\t\t\t\t'use strict';\n\n\t\t\t\t\tvar pluginName = \"flickr5023\",\n\t\t\t\t\t\tdefaults = {\n\t\t\t\t\t\t\tapiKey: \"\",\n\t\t\t\t\t\t\tphotosetId: \"\",\n\t\t\t\t\t\t\terrorText: \"Error generating gallery.\"\n\t\t\t\t\t\t},\n\t\t\t\t\t\tapiUrl = 'https:\/\/api.flickr.com\/services\/rest\/',\n\t\t\t\t\t\tphotos = [];\n\n\t\t\t\t\t\/\/ The actual plugin constructor\n\t\t\t\t\tfunction Plugin(element, options) {\n\t\t\t\t\t\tthis.element = jQuery(element);\n\t\t\t\t\t\tthis.settings = jQuery.extend({}, defaults, options);\n\t\t\t\t\t\tthis._defaults = defaults;\n\t\t\t\t\t\tthis._name = pluginName;\n\n\t\t\t\t\t\tthis._hideSpinner = function() {\n\t\t\t\t\t\t\tthis.element.find('.spinner-wrapper').hide().find('*').hide();\n\t\t\t\t\t\t};\n\n\t\t\t\t\t\tthis._printError = function() {\n\t\t\t\t\t\t\tthis.element.find('.gallery-container').append(jQuery(\"<div><\/div>\", { \"class\": \"col-lg-12 col-lg-offset-1\" })\n\t\t\t\t\t\t\t\t.append(jQuery(\"<div><\/div>\", { \"class\": \"error-wrapper\" })\n\t\t\t\t\t\t\t\t\t.append(jQuery(\"<span><\/span>\", { \"class\": \"label label-danger error\" })\n\t\t\t\t\t\t\t\t\t\t.html(this.settings.errorText))));\n\t\t\t\t\t\t};\n\n\t\t\t\t\t\tthis._flickrAnimate = function() {\n\t\t\t\t\t\t\tthis.element.find('.gallery-container img').each(jQuery.proxy(function(index, el) {\n\t\t\t\t\t\t\t\tvar image = el;\n\t\t\t\t\t\t\t\tsetTimeout(function() {\n\t\t\t\t\t\t\t\t\tjQuery(image).parent().fadeIn();\n\t\t\t\t\t\t\t\t}, this.settings.loadingSpeed * index);\n\t\t\t\t\t\t\t}, this));\n\t\t\t\t\t\t};\n\n\t\t\t\t\t\tthis._printGallery = function(photos) {\n\t\t\t\t\t\t\tvar element = this.element.find('.gallery-container');\n\t\t\t\t\t\t\t\n\t\t\t\t\t\t\tjQuery.each(photos, function(key, photo) {\n\t\t\t\t\t\t\t\tvar img = jQuery('<img>', { 'class': 'thumb img-thumbnail  gall-img-responsive', src: photo.thumbnail, });\n\t\t\t\t\t\t\t\telement.append(jQuery('<div><\/div>', { 'class': 'col-md-3 col-sm-6 wl-gallery ' + photo.hideme })\n\t\t\t\t\t\t\t\t.append(jQuery('<div><\/div>', { 'class': 'b-link-fade b-animate-go' })\n\t\t\t\t\t\t\t\t\t.append(jQuery('<a><\/a>', { 'class': 'fancybox_5023', 'data-fancybox-group': 'gallery', title: photo.title, href: photo.href  }).hide()\n\t\t\t\t\t\t\t\t\t.append(img)\n\t\t\t\t\t\t\t\t\t.append(jQuery('<div><\/div>', { 'class': 'b-wrapper' })))));\n\t\t\t\t\t\t\t});\n\n\t\t\t\t\t\t\telement.imagesLoaded()\n\t\t\t\t\t\t\t\t.done(jQuery.proxy(this._flickrAnimate, this))\n\t\t\t\t\t\t\t\t.always(jQuery.proxy(this._hideSpinner, this));\n\t\t\t\t\t\t};\n\n\t\t\t\t\t\tthis._flickrPhotoset = function(photoset) {\n\t\t\t\t\t\t\tvar _this = this;\n\t\t\t\t\t\t\tvar hidemeval = \"\";\n\t\t\t\t\t\t\tphotos[photoset.id] = [];\n\t\t\t\t\t\t\tjQuery.each(photoset.photo, function(key, photo) {\n\t\t\t\t\t\t\t\t\n\t\t\t\t\t\t\t\t\/\/ hide thumbnails after a limit\n\t\t\t\t\t\t\t\t\n\t\t\t\t\t\t\t\tif(key > 149) {\n\t\t\t\t\t\t\t\t\thidemeval = \"hidepics\";\n\t\t\t\t\t\t\t\t}\n\t\t\t\t\t\t\t\t\n\t\t\t\t\t\t\t\t\/\/ Limit number of photos.\n\t\t\t\t\t\t\t\tif(key >= _this.settings.photosLimit) {\n\t\t\t\t\t\t\t\t\treturn false;\n\t\t\t\t\t\t\t\t}\n\n\t\t\t\t\t\t\t\tphotos[photoset.id][key] = {\n\t\t\t\t\t\t\t\t\tthumbnail: 'https:\/\/farm' + photo.farm + '.static.flickr.com\/' + photo.server + '\/' + photo.id + '_' + photo.secret + '_n.jpg',\n\t\t\t\t\t\t\t\t\thref: 'https:\/\/farm' + photo.farm + '.static.flickr.com\/' + photo.server + '\/' + photo.id + '_' + photo.secret + '_b.jpg',\n\t\t\t\t\t\t\t\t\ttitle: photo.title,\n\t\t\t\t\t\t\t\t\thideme: hidemeval\t\t\t\t\t\t\t\t\t\n\t\t\t\t\t\t\t\t};\n\t\t\t\t\t\t\t});\n\n\t\t\t\t\t\t\tthis._printGallery(photos[photoset.id]);\n\t\t\t\t\t\t};\n\n\t\t\t\t\t\tthis._onFlickrResponse = function(response) {\n\t\t\t\t\t\t\tif(response.stat === \"ok\") {\n\t\t\t\t\t\t\t\t this._flickrPhotoset(response.photoset);\n\t\t\t\t\t\t\t}\n\t\t\t\t\t\t\telse {\n\t\t\t\t\t\t\t\tthis._hideSpinner();\n\t\t\t\t\t\t\t\tthis._printError();\n\t\t\t\t\t\t\t}\n\t\t\t\t\t\t};\n\n\t\t\t\t\t\tthis._flickrRequest = function(method, data) {\n\t\t\t\t\t\t\tvar url = apiUrl + \"?format=json&jsoncallback=?&method=\" + method + \"&api_key=\" + this.settings.apiKey;\n\n\t\t\t\t\t\t\tjQuery.each(data, function(key, value) {\n\t\t\t\t\t\t\t\turl += \"&\" + key + \"=\" + value;\n\t\t\t\t\t\t\t});\n\n\t\t\t\t\t\t\tjQuery.ajax({\n\t\t\t\t\t\t\t\tdataType: \"json\",\n\t\t\t\t\t\t\t\turl: url,\n\t\t\t\t\t\t\t\tcontext: this,\n\t\t\t\t\t\t\t\tsuccess: this._onFlickrResponse\n\t\t\t\t\t\t\t});\n\t\t\t\t\t\t};\n\n\t\t\t\t\t\tthis._flickrInit = function () {\n\t\t\t\t\t\t\tthis._flickrRequest('flickr.photosets.getPhotos', {\n\t\t\t\t\t\t\t\tphotoset_id: this.settings.photosetId\n\t\t\t\t\t\t\t});\n\t\t\t\t\t\t};\n\n\t\t\t\t\t\t\/\/ Init\n\t\t\t\t\t\tthis.init();\n\t\t\t\t\t}\n\n\t\t\t\t\tPlugin.prototype = {\n\t\t\t\t\t\tinit: function () {\n\t\t\t\t\t\t\tthis._flickrInit();\n\t\t\t\t\t\t}\n\t\t\t\t\t};\n\n\t\t\t\t\t\/\/ Wrapper\n\t\t\t\t\tjQuery.fn[pluginName] = function (options) {\n\t\t\t\t\t\tthis.each(function () {\n\t\t\t\t\t\t\tif (!jQuery.data(this, \"plugin_\" + pluginName)) {\n\t\t\t\t\t\t\t\tjQuery.data(this, \"plugin_\" + pluginName, new Plugin(this, options));\n\t\t\t\t\t\t\t}\n\t\t\t\t\t\t});\n\n\t\t\t\t\t\t\/\/ Chain\n\t\t\t\t\t\treturn this;\n\t\t\t\t\t};\n\t\t\t\t})(jQuery, window, document);\n\t\t\t\t<\/script>\n\t\t\t\t<!-- Gallery Thumbnails -->\n\t\t\t\t<div style=\"margin-bottom: 25px; padding-top: 20px; overflow: auto; display: block;\">\n\t\t\t\t\t\t\t\t\t\t<h3 style=\"font-size: 18px; border-bottom: 2px solid #F1F1F1; text-align:center;\">Kl\u00e4rteiche Mai 2018<\/h3>\n\t\t\t\t\t\t\t\t\t\t<div class=\"gallery5023\" id=\"fagp_5023\">\n\t\t\t\t\t\t<div class=\"col-xs-12 spinner-wrapper\">\n\t\t\t\t\t\t\t<div class=\"LoadingImg\"><img data-recalc-dims=\"1\" decoding=\"async\" src=\"https:\/\/i0.wp.com\/kathrinbode.de\/art\/wp-content\/plugins\/flickr-album-gallery-pro\/img\/loading.gif\" \/><\/div>\n\t\t\t\t\t\t<\/div>\n\t\t\t\t\t\t\t\t\t\t\t\t<div style=\"\">\n\t\t\t\t\t\t\t\t\t\t\t\t\t<div  class=\"gallery-container  \"><\/div>\n\t\t\t\t\t\t\t\t\t\t\t\t<\/div>\n\t\t\t\t\t\t\t\t\t\t\t<\/div>\n\t\t\t\t<\/div>\n\t\t\t\t\t\t\n\t\t<!-- Nivo Box -->\n\t\t\t\t\n\t\t<!-- Photo box-->\n\t\t\t\t\n\t\t\n\t\t<!-- Smooth Box-->\n\t\t\t\t\n\t\t<!-- Swipe Box-->\n\t\t\t\t\n\t\t<!-- Ion box-->\n\t\t\t\t\n\t\t<!-- Fancy box-->\n\t\t\t\t<script type=\"text\/javascript\">\n\t\tjQuery(document).ready(function() {\n\t\t\tjQuery('.fancybox_5023').fancybox();\n\t\t});\n\t\t<\/script>\n\t\t\t\t\n\t\t<!-- Hover Animation Effect JS-->\n\t\t<script src=\"http:\/\/kathrinbode.de\/art\/wp-content\/plugins\/flickr-album-gallery-pro\/js\/hover-pack.js\" ><\/script> \n\t\t<script>\n\t\tjQuery(window).load(function() {\n\t\t\t\/* Slide *\/\n\t\t\tjQuery('#slide a').each(function(index, element) {\n\t\t\t\tjQuery(this).hoverdir();\n\t\t\t});\n\n\t\t\t\/* Stroke *\/\n\t\t\tjQuery('.b-link-stroke').prepend('<div class=\"b-top-line\"><\/div>');\n\t\t\tjQuery('.b-link-stroke').prepend('<div class=\"b-bottom-line\"><\/div>');\n\n\t\t\t\/* Twist *\/\n\t\t\tjQuery('.b-link-twist').prepend('<div class=\"b-top-line\"><b><\/b><\/div>');\n\t\t\tjQuery('.b-link-twist').prepend('<div class=\"b-bottom-line\"><b><\/b><\/div>');\n\t\t\tjQuery('.b-link-twist img').each(function(index, element) {\n\t\t\t\tjQuery(this).css('visibility','hidden');\n\t\t\t\tjQuery(this).parent().find('.b-top-line, .b-bottom-line').css('background-image','url('+jQuery(this).attr('src')+')');\n\t\t\t});\n\n\t\t\t\/* Flip *\/\n\t\t\tjQuery('.b-link-flip').prepend('<div class=\"b-top-line\"><b><\/b><\/div>');\n\t\t\tjQuery('.b-link-flip').prepend('<div class=\"b-bottom-line\"><b><\/b><\/div>');\n\t\t\tjQuery('.b-link-flip img').each(function(index, element) {\n\t\t\t\tjQuery(this).css('visibility','hidden');\n\t\t\t\tjQuery(this).parent().find('.b-top-line, .b-bottom-line').css('background-image','url('+jQuery(this).attr('src')+')');\n\n\t\t\t});\n\n\t\t\t\/* Fade *\/\n\t\t\tjQuery('.b-link-fade').each(function(index, element) {\n\t\t\t\tjQuery(this).append('<div class=\"b-top-line\"><\/div>')\n\t\t\t});\n\n\t\t\t\/* Flow *\/\n\t\t\tjQuery('.b-link-flow').each(function(index, element) {\n\t\t\t\tjQuery(this).append('<div class=\"b-top-line\"><\/div>')\n\t\t\t});\n\n\t\t\t\/* Box *\/\n\t\t\tjQuery('.b-link-box').prepend('<div class=\"b-top-line\"><\/div>');\n\t\t\tjQuery('.b-link-box').prepend('<div class=\"b-bottom-line\"><\/div>');\n\n\t\t\t\/* Stripe *\/\n\t\t\tjQuery('.b-link-stripe').each(function(index, element) {\n\t\t\t\tjQuery(this).prepend('<div class=\"b-line b-line1\"><\/div><div class=\"b-line b-line2\"><\/div><div class=\"b-line b-line3\"><\/div><div class=\"b-line b-line4\"><\/div><div class=\"b-line b-line5\"><\/div>');\n\t\t\t});\n\n\t\t\t\/* Apart *\/\n\t\t\tjQuery('.b-link-apart-vertical, .b-link-apart-horisontal').each(function(index, element) {\n\t\t\t\tjQuery(this).prepend('<div class=\"b-top-line\"><\/div><div class=\"b-bottom-line\"><\/div><div class=\"b-top-line-up\"><\/div><div class=\"b-bottom-line-up\"><\/div>');\n\t\t\t});\n\n\t\t\t\/* diagonal *\/\n\t\t\tjQuery('.b-link-diagonal').each(function(index, element) {\n\t\t\t\tjQuery(this).prepend('<div class=\"b-line-group\"><div class=\"b-line b-line1\"><\/div><div class=\"b-line b-line2\"><\/div><div class=\"b-line b-line3\"><\/div><div class=\"b-line b-line4\"><\/div><div class=\"b-line b-line5\"><\/div><\/div>');\n\t\t\t});\n\n\t\t\tsetTimeout(\"calculate_margin();\", 100);\n\t\t});\n\t\t<\/script>\n\t\t<div style=\"font-size: small; margin-top:10px; float: left; display:none;\">\n\t\t\tFlickr Album Gallery Pro Powered By: <a href=\"http:\/\/www.weblizar.com\/\" target=\"_blank\">Weblizar<\/a>\n\t\t<\/div>\n\t\t\n","protected":false},"excerpt":{"rendered":"","protected":false},"author":1,"featured_media":0,"parent":4960,"menu_order":5,"comment_status":"closed","ping_status":"closed","template":"","meta":{"_themeisle_gutenberg_block_has_review":false,"jetpack_post_was_ever_published":false,"footnotes":""},"class_list":["post-5025","page","type-page","status-publish","hentry"],"jetpack_sharing_enabled":true,"jetpack_shortlink":"https:\/\/wp.me\/P7Iyza-1j3","jetpack_likes_enabled":true,"jetpack-related-posts":[{"id":4962,"url":"http:\/\/kathrinbode.de\/art\/fotoalben\/2017-2\/klaerteiche-2018\/januar-2018\/","url_meta":{"origin":5025,"position":0},"title":"Januar 2018","author":"Kathrin","date":"Januar 17, 2018","format":false,"excerpt":"","rel":"","context":"\u00c4hnlicher Beitrag","block_context":{"text":"\u00c4hnlicher Beitrag","link":""},"img":{"alt_text":"","src":"","width":0,"height":0},"classes":[]},{"id":4979,"url":"http:\/\/kathrinbode.de\/art\/fotoalben\/2017-2\/klaerteiche-2018\/februar-2018\/","url_meta":{"origin":5025,"position":1},"title":"Februar 2018","author":"Kathrin","date":"M\u00e4rz 5, 2018","format":false,"excerpt":"","rel":"","context":"\u00c4hnlicher Beitrag","block_context":{"text":"\u00c4hnlicher Beitrag","link":""},"img":{"alt_text":"","src":"","width":0,"height":0},"classes":[]},{"id":4984,"url":"http:\/\/kathrinbode.de\/art\/fotoalben\/2017-2\/klaerteiche-2018\/maerz-2018\/","url_meta":{"origin":5025,"position":2},"title":"M\u00e4rz 2018","author":"Kathrin","date":"M\u00e4rz 5, 2018","format":false,"excerpt":"","rel":"","context":"\u00c4hnlicher Beitrag","block_context":{"text":"\u00c4hnlicher Beitrag","link":""},"img":{"alt_text":"","src":"","width":0,"height":0},"classes":[]},{"id":5019,"url":"http:\/\/kathrinbode.de\/art\/fotoalben\/2017-2\/klaerteiche-2018\/april-2018\/","url_meta":{"origin":5025,"position":3},"title":"April 2018","author":"Kathrin","date":"Mai 6, 2018","format":false,"excerpt":"","rel":"","context":"\u00c4hnlicher Beitrag","block_context":{"text":"\u00c4hnlicher Beitrag","link":""},"img":{"alt_text":"","src":"","width":0,"height":0},"classes":[]},{"id":5102,"url":"http:\/\/kathrinbode.de\/art\/fotoalben\/2017-2\/klaerteiche-2018\/juni-2018\/","url_meta":{"origin":5025,"position":4},"title":"Juni 2018","author":"Kathrin","date":"August 26, 2018","format":false,"excerpt":"","rel":"","context":"\u00c4hnlicher Beitrag","block_context":{"text":"\u00c4hnlicher Beitrag","link":""},"img":{"alt_text":"","src":"","width":0,"height":0},"classes":[]},{"id":5104,"url":"http:\/\/kathrinbode.de\/art\/fotoalben\/2017-2\/klaerteiche-2018\/juli-2018\/","url_meta":{"origin":5025,"position":5},"title":"Juli 2018","author":"Kathrin","date":"August 26, 2018","format":false,"excerpt":"","rel":"","context":"\u00c4hnlicher Beitrag","block_context":{"text":"\u00c4hnlicher Beitrag","link":""},"img":{"alt_text":"","src":"","width":0,"height":0},"classes":[]}],"_links":{"self":[{"href":"http:\/\/kathrinbode.de\/art\/wp-json\/wp\/v2\/pages\/5025","targetHints":{"allow":["GET"]}}],"collection":[{"href":"http:\/\/kathrinbode.de\/art\/wp-json\/wp\/v2\/pages"}],"about":[{"href":"http:\/\/kathrinbode.de\/art\/wp-json\/wp\/v2\/types\/page"}],"author":[{"embeddable":true,"href":"http:\/\/kathrinbode.de\/art\/wp-json\/wp\/v2\/users\/1"}],"replies":[{"embeddable":true,"href":"http:\/\/kathrinbode.de\/art\/wp-json\/wp\/v2\/comments?post=5025"}],"version-history":[{"count":1,"href":"http:\/\/kathrinbode.de\/art\/wp-json\/wp\/v2\/pages\/5025\/revisions"}],"predecessor-version":[{"id":5026,"href":"http:\/\/kathrinbode.de\/art\/wp-json\/wp\/v2\/pages\/5025\/revisions\/5026"}],"up":[{"embeddable":true,"href":"http:\/\/kathrinbode.de\/art\/wp-json\/wp\/v2\/pages\/4960"}],"wp:attachment":[{"href":"http:\/\/kathrinbode.de\/art\/wp-json\/wp\/v2\/media?parent=5025"}],"curies":[{"name":"wp","href":"https:\/\/api.w.org\/{rel}","templated":true}]}}