{"id":18887,"date":"2024-12-31T10:57:31","date_gmt":"2024-12-31T09:57:31","guid":{"rendered":"http:\/\/kathrinbode.de\/art\/?page_id=18887"},"modified":"2024-12-31T10:57:32","modified_gmt":"2024-12-31T09:57:32","slug":"jahresueberblick-2024","status":"publish","type":"page","link":"https:\/\/kathrinbode.de\/art\/jahresueberblick-2024\/","title":{"rendered":"Jahres\u00fcberblick 2024"},"content":{"rendered":"\n<div data-wp-interactive=\"core\/file\" class=\"wp-block-file\"><object data-wp-bind--hidden=\"!state.hasPdfPreview\" hidden class=\"wp-block-file__embed\" data=\"http:\/\/kathrinbode.de\/art\/wp-content\/uploads\/2024\/12\/2024-alle-Arten-1.pdf\" type=\"application\/pdf\" style=\"width:100%;height:998px\" aria-label=\"Einbettung von 2024 alle Arten.\"><\/object><a id=\"wp-block-file--media-e1dab2a3-2280-4def-8701-a6819f4aec18\" href=\"http:\/\/kathrinbode.de\/art\/wp-content\/uploads\/2024\/12\/2024-alle-Arten-1.pdf\">2024 alle Arten<\/a><a href=\"http:\/\/kathrinbode.de\/art\/wp-content\/uploads\/2024\/12\/2024-alle-Arten-1.pdf\" class=\"wp-block-file__button wp-element-button\" download aria-describedby=\"wp-block-file--media-e1dab2a3-2280-4def-8701-a6819f4aec18\">Herunterladen<\/a><\/div>\n","protected":false},"excerpt":{"rendered":"","protected":false},"author":1,"featured_media":0,"parent":0,"menu_order":0,"comment_status":"closed","ping_status":"closed","template":"","meta":{"_themeisle_gutenberg_block_has_review":false,"jetpack_post_was_ever_published":false,"footnotes":""},"class_list":["post-18887","page","type-page","status-publish","hentry"],"jetpack_sharing_enabled":true,"jetpack_shortlink":"https:\/\/wp.me\/P7Iyza-4UD","jetpack_likes_enabled":true,"jetpack-related-posts":[{"id":18898,"url":"https:\/\/kathrinbode.de\/art\/november-2024-monatsliste\/","url_meta":{"origin":18887,"position":0},"title":"November 2024 Monatsliste","author":"Kathrin","date":"Dezember 31, 2024","format":false,"excerpt":"11 2024 November MonatslisteHerunterladen","rel":"","context":"\u00c4hnlicher Beitrag","block_context":{"text":"\u00c4hnlicher Beitrag","link":""},"img":{"alt_text":"","src":"","width":0,"height":0},"classes":[]},{"id":18892,"url":"https:\/\/kathrinbode.de\/art\/dezember-2024-monatsliste\/","url_meta":{"origin":18887,"position":1},"title":"Dezember 2024 Monatsliste","author":"Kathrin","date":"Dezember 31, 2024","format":false,"excerpt":"12 2024 Dezember MonatslisteHerunterladen","rel":"","context":"\u00c4hnlicher Beitrag","block_context":{"text":"\u00c4hnlicher Beitrag","link":""},"img":{"alt_text":"","src":"","width":0,"height":0},"classes":[]},{"id":21892,"url":"https:\/\/kathrinbode.de\/art\/liste-aller-arten-1961-2025\/","url_meta":{"origin":18887,"position":2},"title":"Liste aller Arten 1961 &#8211; 2025","author":"Kathrin","date":"Januar 1, 2026","format":false,"excerpt":"Liste Teiche alle Arten 1961 - 2025Herunterladen","rel":"","context":"\u00c4hnlicher Beitrag","block_context":{"text":"\u00c4hnlicher Beitrag","link":""},"img":{"alt_text":"","src":"","width":0,"height":0},"classes":[]},{"id":5215,"url":"https:\/\/kathrinbode.de\/art\/fotos-2019\/","url_meta":{"origin":18887,"position":3},"title":"Fotos 2019","author":"Kathrin","date":"Januar 30, 2019","format":false,"excerpt":"Kl\u00e4rteiche Lehrte 2019-> Januar -> Kl\u00e4rteiche Natur -> Lehrte Natur-> Lehrte- > Fotos 2019 allgemein Alle 2019 Fotos auf Flickr","rel":"","context":"\u00c4hnlicher Beitrag","block_context":{"text":"\u00c4hnlicher Beitrag","link":""},"img":{"alt_text":"","src":"","width":0,"height":0},"classes":[]},{"id":5388,"url":"https:\/\/kathrinbode.de\/art\/fotografie\/","url_meta":{"origin":18887,"position":4},"title":"Fotografie","author":"Kathrin","date":"Mai 31, 2019","format":false,"excerpt":"Ausstellungen & gedruckt: 2024 - Hegeringsversammlung Lehrte - Lehrter Land & Leute - Wildtierfoto Magazin2023 - meine Fotos waren bei zwei Hegeringsversammlungen & bei der Sonderausstellung \"J\u00e4gerschaft im Gro\u00dfen Freien\" im Regionalmuseum Rethmar mit dabei2022 - Ausstellung im Gloria Park Lehrte2019 - Kunst im Schaufenster 2019 - Gloria Park Lehrte\u00a0\u2026","rel":"","context":"\u00c4hnlicher Beitrag","block_context":{"text":"\u00c4hnlicher Beitrag","link":""},"img":{"alt_text":"","src":"https:\/\/i0.wp.com\/kathrinbode.de\/art\/wp-content\/uploads\/2019\/07\/ueber-1.jpg?resize=350%2C200&ssl=1","width":350,"height":200},"classes":[]},{"id":2587,"url":"https:\/\/kathrinbode.de\/art\/fotoalben\/2017-2\/","url_meta":{"origin":18887,"position":5},"title":"Fotos 2018","author":"Kathrin","date":"Dezember 28, 2016","format":false,"excerpt":"Fotos 2018 Kl\u00e4rteiche Lehrte Kl\u00e4rteiche Lehrte Natur Graureiher Kolonie Natur woanders (Burgdorf, Aligse, Wald, Hohnhorst) Fotos 2018 (alles m\u00f6gliche!) Alle Fotos sind auf FLICKR !","rel":"","context":"\u00c4hnlicher Beitrag","block_context":{"text":"\u00c4hnlicher Beitrag","link":""},"img":{"alt_text":"","src":"","width":0,"height":0},"classes":[]}],"_links":{"self":[{"href":"https:\/\/kathrinbode.de\/art\/wp-json\/wp\/v2\/pages\/18887","targetHints":{"allow":["GET"]}}],"collection":[{"href":"https:\/\/kathrinbode.de\/art\/wp-json\/wp\/v2\/pages"}],"about":[{"href":"https:\/\/kathrinbode.de\/art\/wp-json\/wp\/v2\/types\/page"}],"author":[{"embeddable":true,"href":"https:\/\/kathrinbode.de\/art\/wp-json\/wp\/v2\/users\/1"}],"replies":[{"embeddable":true,"href":"https:\/\/kathrinbode.de\/art\/wp-json\/wp\/v2\/comments?post=18887"}],"version-history":[{"count":1,"href":"https:\/\/kathrinbode.de\/art\/wp-json\/wp\/v2\/pages\/18887\/revisions"}],"predecessor-version":[{"id":18889,"href":"https:\/\/kathrinbode.de\/art\/wp-json\/wp\/v2\/pages\/18887\/revisions\/18889"}],"wp:attachment":[{"href":"https:\/\/kathrinbode.de\/art\/wp-json\/wp\/v2\/media?parent=18887"}],"curies":[{"name":"wp","href":"https:\/\/api.w.org\/{rel}","templated":true}]}}