{"id":18898,"date":"2024-12-31T11:59:22","date_gmt":"2024-12-31T10:59:22","guid":{"rendered":"http:\/\/kathrinbode.de\/art\/?page_id=18898"},"modified":"2024-12-31T11:59:24","modified_gmt":"2024-12-31T10:59:24","slug":"november-2024-monatsliste","status":"publish","type":"page","link":"https:\/\/kathrinbode.de\/art\/november-2024-monatsliste\/","title":{"rendered":"November 2024 Monatsliste"},"content":{"rendered":"\n<div data-wp-interactive=\"core\/file\" class=\"wp-block-file\"><object data-wp-bind--hidden=\"!state.hasPdfPreview\" hidden class=\"wp-block-file__embed\" data=\"http:\/\/kathrinbode.de\/art\/wp-content\/uploads\/2024\/12\/11-2024-November-Monatsliste-1.pdf\" type=\"application\/pdf\" style=\"width:100%;height:600px\" aria-label=\"Einbettung von 11 2024 November Monatsliste.\"><\/object><a id=\"wp-block-file--media-7d54bfe8-d54c-4e67-9154-aa298193a103\" href=\"http:\/\/kathrinbode.de\/art\/wp-content\/uploads\/2024\/12\/11-2024-November-Monatsliste-1.pdf\">11 2024 November Monatsliste<\/a><a href=\"http:\/\/kathrinbode.de\/art\/wp-content\/uploads\/2024\/12\/11-2024-November-Monatsliste-1.pdf\" class=\"wp-block-file__button wp-element-button\" download aria-describedby=\"wp-block-file--media-7d54bfe8-d54c-4e67-9154-aa298193a103\">Herunterladen<\/a><\/div>\n","protected":false},"excerpt":{"rendered":"","protected":false},"author":1,"featured_media":0,"parent":0,"menu_order":0,"comment_status":"closed","ping_status":"closed","template":"","meta":{"_themeisle_gutenberg_block_has_review":false,"jetpack_post_was_ever_published":false,"footnotes":""},"class_list":["post-18898","page","type-page","status-publish","hentry"],"jetpack_sharing_enabled":true,"jetpack_shortlink":"https:\/\/wp.me\/P7Iyza-4UO","jetpack_likes_enabled":true,"jetpack-related-posts":[{"id":21709,"url":"https:\/\/kathrinbode.de\/art\/2025-november-monatsliste\/","url_meta":{"origin":18898,"position":0},"title":"2025 November Monatsliste","author":"Kathrin","date":"Dezember 7, 2025","format":false,"excerpt":"11_2025 November MonatslisteHerunterladen","rel":"","context":"\u00c4hnlicher Beitrag","block_context":{"text":"\u00c4hnlicher Beitrag","link":""},"img":{"alt_text":"","src":"","width":0,"height":0},"classes":[]},{"id":18892,"url":"https:\/\/kathrinbode.de\/art\/dezember-2024-monatsliste\/","url_meta":{"origin":18898,"position":1},"title":"Dezember 2024 Monatsliste","author":"Kathrin","date":"Dezember 31, 2024","format":false,"excerpt":"12 2024 Dezember MonatslisteHerunterladen","rel":"","context":"\u00c4hnlicher Beitrag","block_context":{"text":"\u00c4hnlicher Beitrag","link":""},"img":{"alt_text":"","src":"","width":0,"height":0},"classes":[]},{"id":20943,"url":"https:\/\/kathrinbode.de\/art\/2025-august-monatsliste\/","url_meta":{"origin":18898,"position":2},"title":"2025 August Monatsliste","author":"Kathrin","date":"September 10, 2025","format":false,"excerpt":"08_2025 August MonatslisteHerunterladen","rel":"","context":"\u00c4hnlicher Beitrag","block_context":{"text":"\u00c4hnlicher Beitrag","link":""},"img":{"alt_text":"","src":"","width":0,"height":0},"classes":[]},{"id":19814,"url":"https:\/\/kathrinbode.de\/art\/2025-april-monatsliste\/","url_meta":{"origin":18898,"position":3},"title":"2025 April Monatsliste","author":"Kathrin","date":"Mai 2, 2025","format":false,"excerpt":"04_2025 April MonatslisteHerunterladen","rel":"","context":"\u00c4hnlicher Beitrag","block_context":{"text":"\u00c4hnlicher Beitrag","link":""},"img":{"alt_text":"","src":"","width":0,"height":0},"classes":[]},{"id":21248,"url":"https:\/\/kathrinbode.de\/art\/2025-september-monatsliste\/","url_meta":{"origin":18898,"position":4},"title":"2025 September Monatsliste","author":"Kathrin","date":"Oktober 13, 2025","format":false,"excerpt":"09_2025 September MonatslisteHerunterladen","rel":"","context":"\u00c4hnlicher Beitrag","block_context":{"text":"\u00c4hnlicher Beitrag","link":""},"img":{"alt_text":"","src":"","width":0,"height":0},"classes":[]},{"id":19231,"url":"https:\/\/kathrinbode.de\/art\/2025-februar-monatsliste\/","url_meta":{"origin":18898,"position":5},"title":"2025 Februar Monatsliste","author":"Kathrin","date":"M\u00e4rz 5, 2025","format":false,"excerpt":"02_2025 Februar MonatslisteHerunterladen","rel":"","context":"\u00c4hnlicher Beitrag","block_context":{"text":"\u00c4hnlicher Beitrag","link":""},"img":{"alt_text":"","src":"","width":0,"height":0},"classes":[]}],"_links":{"self":[{"href":"https:\/\/kathrinbode.de\/art\/wp-json\/wp\/v2\/pages\/18898","targetHints":{"allow":["GET"]}}],"collection":[{"href":"https:\/\/kathrinbode.de\/art\/wp-json\/wp\/v2\/pages"}],"about":[{"href":"https:\/\/kathrinbode.de\/art\/wp-json\/wp\/v2\/types\/page"}],"author":[{"embeddable":true,"href":"https:\/\/kathrinbode.de\/art\/wp-json\/wp\/v2\/users\/1"}],"replies":[{"embeddable":true,"href":"https:\/\/kathrinbode.de\/art\/wp-json\/wp\/v2\/comments?post=18898"}],"version-history":[{"count":1,"href":"https:\/\/kathrinbode.de\/art\/wp-json\/wp\/v2\/pages\/18898\/revisions"}],"predecessor-version":[{"id":18900,"href":"https:\/\/kathrinbode.de\/art\/wp-json\/wp\/v2\/pages\/18898\/revisions\/18900"}],"wp:attachment":[{"href":"https:\/\/kathrinbode.de\/art\/wp-json\/wp\/v2\/media?parent=18898"}],"curies":[{"name":"wp","href":"https:\/\/api.w.org\/{rel}","templated":true}]}}