{"id":21875,"date":"2026-01-01T19:31:05","date_gmt":"2026-01-01T18:31:05","guid":{"rendered":"https:\/\/kathrinbode.de\/art\/?page_id=21875"},"modified":"2026-01-01T19:31:07","modified_gmt":"2026-01-01T18:31:07","slug":"2025-teiche-jahresliste","status":"publish","type":"page","link":"https:\/\/kathrinbode.de\/art\/2025-teiche-jahresliste\/","title":{"rendered":"2025 Teiche Jahresliste"},"content":{"rendered":"\n<div data-wp-interactive=\"core\/file\" class=\"wp-block-file\"><object data-wp-bind--hidden=\"!state.hasPdfPreview\" hidden class=\"wp-block-file__embed\" data=\"https:\/\/kathrinbode.de\/art\/wp-content\/uploads\/2026\/01\/Gesamt-2025.pdf\" type=\"application\/pdf\" style=\"width:100%;height:600px\" aria-label=\"Einbettung von Gesamt 2025.\"><\/object><a id=\"wp-block-file--media-44e0f68e-3482-4223-b25b-b94a1e21bb82\" href=\"https:\/\/kathrinbode.de\/art\/wp-content\/uploads\/2026\/01\/Gesamt-2025.pdf\">Gesamt 2025<\/a><a href=\"https:\/\/kathrinbode.de\/art\/wp-content\/uploads\/2026\/01\/Gesamt-2025.pdf\" class=\"wp-block-file__button wp-element-button\" download aria-describedby=\"wp-block-file--media-44e0f68e-3482-4223-b25b-b94a1e21bb82\">Herunterladen<\/a><\/div>\n","protected":false},"excerpt":{"rendered":"","protected":false},"author":1,"featured_media":0,"parent":0,"menu_order":0,"comment_status":"closed","ping_status":"closed","template":"","meta":{"_themeisle_gutenberg_block_has_review":false,"jetpack_post_was_ever_published":false,"footnotes":""},"class_list":["post-21875","page","type-page","status-publish","hentry"],"jetpack_sharing_enabled":true,"jetpack_shortlink":"https:\/\/wp.me\/P7Iyza-5GP","jetpack_likes_enabled":true,"jetpack-related-posts":[{"id":20659,"url":"https:\/\/kathrinbode.de\/art\/2025-juli-teiche\/","url_meta":{"origin":21875,"position":0},"title":"2025 Juli Monatsliste","author":"Kathrin","date":"August 2, 2025","format":false,"excerpt":"07_2025 Juli MonatslisteHerunterladen","rel":"","context":"\u00c4hnlicher Beitrag","block_context":{"text":"\u00c4hnlicher Beitrag","link":""},"img":{"alt_text":"","src":"","width":0,"height":0},"classes":[]},{"id":20309,"url":"https:\/\/kathrinbode.de\/art\/2025-juni-teiche\/","url_meta":{"origin":21875,"position":1},"title":"2025 Juni Monatsliste","author":"Kathrin","date":"Juli 14, 2025","format":false,"excerpt":"06_2025 Juni MonatslisteHerunterladen","rel":"","context":"\u00c4hnlicher Beitrag","block_context":{"text":"\u00c4hnlicher Beitrag","link":""},"img":{"alt_text":"","src":"","width":0,"height":0},"classes":[]},{"id":20052,"url":"https:\/\/kathrinbode.de\/art\/2025-mai-teiche\/","url_meta":{"origin":21875,"position":2},"title":"2025 Mai Monatsliste","author":"Kathrin","date":"Juni 23, 2025","format":false,"excerpt":"05_2025 Mai MonatslisteHerunterladen","rel":"","context":"\u00c4hnlicher Beitrag","block_context":{"text":"\u00c4hnlicher Beitrag","link":""},"img":{"alt_text":"","src":"","width":0,"height":0},"classes":[]},{"id":18977,"url":"https:\/\/kathrinbode.de\/art\/dokumentation-teiche\/2025-januar-monatsliste\/","url_meta":{"origin":21875,"position":3},"title":"2025 Januar Monatsliste","author":"Kathrin","date":"Februar 1, 2025","format":false,"excerpt":"01_2025 Januar MonatslisteHerunterladen","rel":"","context":"\u00c4hnlicher Beitrag","block_context":{"text":"\u00c4hnlicher Beitrag","link":""},"img":{"alt_text":"","src":"","width":0,"height":0},"classes":[]},{"id":19550,"url":"https:\/\/kathrinbode.de\/art\/2025-maerz-monatsliste\/","url_meta":{"origin":21875,"position":4},"title":"2025 M\u00e4rz Monatsliste","author":"Kathrin","date":"April 6, 2025","format":false,"excerpt":"03_2025 M\u00e4rz Monatsliste TeicheHerunterladen","rel":"","context":"\u00c4hnlicher Beitrag","block_context":{"text":"\u00c4hnlicher Beitrag","link":""},"img":{"alt_text":"","src":"","width":0,"height":0},"classes":[]},{"id":21892,"url":"https:\/\/kathrinbode.de\/art\/liste-aller-arten-1961-2025\/","url_meta":{"origin":21875,"position":5},"title":"Liste aller Arten 1961 &#8211; 2025","author":"Kathrin","date":"Januar 1, 2026","format":false,"excerpt":"Liste Teiche alle Arten 1961 - 2025Herunterladen","rel":"","context":"\u00c4hnlicher Beitrag","block_context":{"text":"\u00c4hnlicher Beitrag","link":""},"img":{"alt_text":"","src":"","width":0,"height":0},"classes":[]}],"_links":{"self":[{"href":"https:\/\/kathrinbode.de\/art\/wp-json\/wp\/v2\/pages\/21875","targetHints":{"allow":["GET"]}}],"collection":[{"href":"https:\/\/kathrinbode.de\/art\/wp-json\/wp\/v2\/pages"}],"about":[{"href":"https:\/\/kathrinbode.de\/art\/wp-json\/wp\/v2\/types\/page"}],"author":[{"embeddable":true,"href":"https:\/\/kathrinbode.de\/art\/wp-json\/wp\/v2\/users\/1"}],"replies":[{"embeddable":true,"href":"https:\/\/kathrinbode.de\/art\/wp-json\/wp\/v2\/comments?post=21875"}],"version-history":[{"count":1,"href":"https:\/\/kathrinbode.de\/art\/wp-json\/wp\/v2\/pages\/21875\/revisions"}],"predecessor-version":[{"id":21877,"href":"https:\/\/kathrinbode.de\/art\/wp-json\/wp\/v2\/pages\/21875\/revisions\/21877"}],"wp:attachment":[{"href":"https:\/\/kathrinbode.de\/art\/wp-json\/wp\/v2\/media?parent=21875"}],"curies":[{"name":"wp","href":"https:\/\/api.w.org\/{rel}","templated":true}]}}