{"id":22,"date":"2016-07-14T10:57:46","date_gmt":"2016-07-14T08:57:46","guid":{"rendered":"http:\/\/kathrinbode.de\/art\/?page_id=22"},"modified":"2019-07-16T10:58:49","modified_gmt":"2019-07-16T08:58:49","slug":"videos","status":"publish","type":"page","link":"https:\/\/kathrinbode.de\/art\/ueber-mich\/videos\/","title":{"rendered":"Videos"},"content":{"rendered":"\n<figure class=\"wp-block-embed-youtube wp-block-embed is-type-video is-provider-youtube wp-embed-aspect-16-9 wp-has-aspect-ratio\"><div class=\"wp-block-embed__wrapper\">\n<span class=\"embed-youtube\" style=\"text-align:center; display: block;\"><iframe loading=\"lazy\" class=\"youtube-player\" width=\"640\" height=\"360\" src=\"https:\/\/www.youtube.com\/embed\/Jb8gTxf4Gro?version=3&#038;rel=1&#038;showsearch=0&#038;showinfo=1&#038;iv_load_policy=1&#038;fs=1&#038;hl=de-DE&#038;autohide=2&#038;wmode=transparent\" allowfullscreen=\"true\" style=\"border:0;\" sandbox=\"allow-scripts allow-same-origin allow-popups allow-presentation allow-popups-to-escape-sandbox\"><\/iframe><\/span>\n<\/div><\/figure>\n\n\n<p><iframe loading=\"lazy\" src=\"https:\/\/www.youtube.com\/embed\/U40l9GQ6hjU\" allowfullscreen=\"allowfullscreen\" width=\"460\" height=\"215\" frameborder=\"0\"><span style=\"display: inline-block; width: 0px; overflow: hidden; line-height: 0;\" data-mce-type=\"bookmark\" class=\"mce_SELRES_start\">\ufeff<\/span><\/iframe><\/p>\n<p><iframe loading=\"lazy\" src=\"https:\/\/www.youtube.com\/embed\/77bq0eiAr6M\" allowfullscreen=\"allowfullscreen\" width=\"460\" height=\"215\" frameborder=\"0\"><\/iframe><\/p>\n<p><iframe loading=\"lazy\" src=\"https:\/\/www.youtube.com\/embed\/xhFrt9N6eQo\" allowfullscreen=\"allowfullscreen\" width=\"460\" height=\"215\" frameborder=\"0\"><\/iframe><\/p>\n<p><iframe loading=\"lazy\" src=\"https:\/\/www.youtube.com\/embed\/vY5jNv391rk\" allowfullscreen=\"allowfullscreen\" width=\"460\" height=\"215\" frameborder=\"0\"><\/iframe><\/p>\n<p><iframe loading=\"lazy\" src=\"https:\/\/www.youtube.com\/embed\/cAdDf24PBGY\" allowfullscreen=\"allowfullscreen\" width=\"460\" height=\"215\" frameborder=\"0\"><\/iframe><\/p>\n<p><iframe loading=\"lazy\" src=\"https:\/\/www.youtube.com\/embed\/pHoxdpTOXDw\" allowfullscreen=\"allowfullscreen\" width=\"460\" height=\"215\" frameborder=\"0\"><\/iframe><\/p>","protected":false},"excerpt":{"rendered":"<p>\ufeff<\/p>\n","protected":false},"author":1,"featured_media":0,"parent":9,"menu_order":1,"comment_status":"closed","ping_status":"closed","template":"","meta":{"_themeisle_gutenberg_block_has_review":false,"jetpack_post_was_ever_published":false,"footnotes":""},"class_list":["post-22","page","type-page","status-publish","hentry"],"jetpack_sharing_enabled":true,"jetpack_shortlink":"https:\/\/wp.me\/P7Iyza-m","jetpack_likes_enabled":true,"jetpack-related-posts":[{"id":4575,"url":"https:\/\/kathrinbode.de\/art\/fotoalben\/durch-die-leinemasch-fuehrung-nabu-laatzen-e-v\/","url_meta":{"origin":22,"position":0},"title":"2017 durch die Leinemasch &#8211; F\u00fchrung NABU Laatzen e.V.","author":"Kathrin","date":"November 4, 2017","format":false,"excerpt":"","rel":"","context":"\u00c4hnlicher Beitrag","block_context":{"text":"\u00c4hnlicher Beitrag","link":""},"img":{"alt_text":"","src":"","width":0,"height":0},"classes":[]},{"id":5388,"url":"https:\/\/kathrinbode.de\/art\/fotografie\/","url_meta":{"origin":22,"position":1},"title":"Fotografie","author":"Kathrin","date":"Mai 31, 2019","format":false,"excerpt":"Ausstellungen & gedruckt: 2024 - Hegeringsversammlung Lehrte - Lehrter Land & Leute - Wildtierfoto Magazin2023 - meine Fotos waren bei zwei Hegeringsversammlungen & bei der Sonderausstellung \"J\u00e4gerschaft im Gro\u00dfen Freien\" im Regionalmuseum Rethmar mit dabei2022 - Ausstellung im Gloria Park Lehrte2019 - Kunst im Schaufenster 2019 - Gloria Park Lehrte\u00a0\u2026","rel":"","context":"\u00c4hnlicher Beitrag","block_context":{"text":"\u00c4hnlicher Beitrag","link":""},"img":{"alt_text":"","src":"https:\/\/i0.wp.com\/kathrinbode.de\/art\/wp-content\/uploads\/2019\/07\/ueber-1.jpg?resize=350%2C200&ssl=1","width":350,"height":200},"classes":[]},{"id":4716,"url":"https:\/\/kathrinbode.de\/art\/tierisches\/trixie-katzenspielzeug-turning-feather\/","url_meta":{"origin":22,"position":2},"title":"Trixie Katzenspielzeug Turning Feather","author":"Kathrin","date":"November 26, 2017","format":false,"excerpt":"Dieses Spielzeug kam nun im Katzenhaushalt an. Vor allem Jack liebt ja \"Federn\" sehr. Schnell war es ausgepackt und es muss nichts weiter aufgebaut werden. Was man braucht sind Batterien. Und zwar drei St\u00fcck (3 AA-Mignon-Batterien). Jack mag alles Neue und war schnell dabei. Bob hat alles aus sicherer Entfernung\u2026","rel":"","context":"\u00c4hnlicher Beitrag","block_context":{"text":"\u00c4hnlicher Beitrag","link":""},"img":{"alt_text":"","src":"https:\/\/i0.wp.com\/kathrinbode.de\/art\/wp-content\/uploads\/2017\/11\/IMG_6219-300x201.jpg?resize=350%2C200","width":350,"height":200},"classes":[]},{"id":13526,"url":"https:\/\/kathrinbode.de\/art\/impressum-datenschutz\/","url_meta":{"origin":22,"position":3},"title":"Impressum &#038; Datenschutz","author":"Kathrin","date":"Januar 15, 2023","format":false,"excerpt":"Datenschutzerkl\u00e4rung Einleitung Stand: 15. Januar 2023 Inhalts\u00fcbersicht Einleitung Verantwortlicher \u00dcbersicht der Verarbeitungen Ma\u00dfgebliche Rechtsgrundlagen Einsatz von Cookies Bereitstellung des Onlineangebotes und Webhosting Blogs und Publikationsmedien Kontakt- und Anfragenverwaltung Newsletter und elektronische Benachrichtigungen Gewinnspiele und Wettbewerbe Pr\u00e4senzen in sozialen Netzwerken (Social Media) Plugins und eingebettete Funktionen sowie Inhalte \u00c4nderung und Aktualisierung\u2026","rel":"","context":"\u00c4hnlicher Beitrag","block_context":{"text":"\u00c4hnlicher Beitrag","link":""},"img":{"alt_text":"","src":"","width":0,"height":0},"classes":[]}],"_links":{"self":[{"href":"https:\/\/kathrinbode.de\/art\/wp-json\/wp\/v2\/pages\/22","targetHints":{"allow":["GET"]}}],"collection":[{"href":"https:\/\/kathrinbode.de\/art\/wp-json\/wp\/v2\/pages"}],"about":[{"href":"https:\/\/kathrinbode.de\/art\/wp-json\/wp\/v2\/types\/page"}],"author":[{"embeddable":true,"href":"https:\/\/kathrinbode.de\/art\/wp-json\/wp\/v2\/users\/1"}],"replies":[{"embeddable":true,"href":"https:\/\/kathrinbode.de\/art\/wp-json\/wp\/v2\/comments?post=22"}],"version-history":[{"count":9,"href":"https:\/\/kathrinbode.de\/art\/wp-json\/wp\/v2\/pages\/22\/revisions"}],"predecessor-version":[{"id":5851,"href":"https:\/\/kathrinbode.de\/art\/wp-json\/wp\/v2\/pages\/22\/revisions\/5851"}],"up":[{"embeddable":true,"href":"https:\/\/kathrinbode.de\/art\/wp-json\/wp\/v2\/pages\/9"}],"wp:attachment":[{"href":"https:\/\/kathrinbode.de\/art\/wp-json\/wp\/v2\/media?parent=22"}],"curies":[{"name":"wp","href":"https:\/\/api.w.org\/{rel}","templated":true}]}}