{"id":22193,"date":"2026-04-05T09:49:20","date_gmt":"2026-04-05T08:49:20","guid":{"rendered":"http:\/\/kathrinbode.de\/art\/?page_id=22193"},"modified":"2026-04-05T09:49:22","modified_gmt":"2026-04-05T08:49:22","slug":"2026-maerz-monatsliste","status":"publish","type":"page","link":"https:\/\/kathrinbode.de\/art\/2026-maerz-monatsliste\/","title":{"rendered":"2026 M\u00e4rz Monatsliste"},"content":{"rendered":"\n<div data-wp-interactive=\"core\/file\" class=\"wp-block-file\"><object data-wp-bind--hidden=\"!state.hasPdfPreview\" hidden class=\"wp-block-file__embed\" data=\"http:\/\/kathrinbode.de\/art\/wp-content\/uploads\/2026\/04\/03_2026-Maerz-Monatsliste.pdf\" type=\"application\/pdf\" style=\"width:100%;height:600px\" aria-label=\"Einbettung von 03_2026 M\u00e4rz Monatsliste.\"><\/object><a id=\"wp-block-file--media-d48ee61d-30ec-40b0-bae8-a22c70b5e66c\" href=\"http:\/\/kathrinbode.de\/art\/wp-content\/uploads\/2026\/04\/03_2026-Maerz-Monatsliste.pdf\">03_2026 M\u00e4rz Monatsliste<\/a><a href=\"http:\/\/kathrinbode.de\/art\/wp-content\/uploads\/2026\/04\/03_2026-Maerz-Monatsliste.pdf\" class=\"wp-block-file__button wp-element-button\" download aria-describedby=\"wp-block-file--media-d48ee61d-30ec-40b0-bae8-a22c70b5e66c\">Herunterladen<\/a><\/div>\n","protected":false},"excerpt":{"rendered":"","protected":false},"author":1,"featured_media":0,"parent":0,"menu_order":0,"comment_status":"closed","ping_status":"closed","template":"","meta":{"_themeisle_gutenberg_block_has_review":false,"jetpack_post_was_ever_published":false,"footnotes":""},"class_list":["post-22193","page","type-page","status-publish","hentry"],"jetpack_sharing_enabled":true,"jetpack_shortlink":"https:\/\/wp.me\/P7Iyza-5LX","jetpack_likes_enabled":true,"jetpack-related-posts":[{"id":19550,"url":"https:\/\/kathrinbode.de\/art\/2025-maerz-monatsliste\/","url_meta":{"origin":22193,"position":0},"title":"2025 M\u00e4rz Monatsliste","author":"Kathrin","date":"April 6, 2025","format":false,"excerpt":"03_2025 M\u00e4rz Monatsliste TeicheHerunterladen","rel":"","context":"\u00c4hnlicher Beitrag","block_context":{"text":"\u00c4hnlicher Beitrag","link":""},"img":{"alt_text":"","src":"","width":0,"height":0},"classes":[]},{"id":21962,"url":"https:\/\/kathrinbode.de\/art\/2026-januar-monatsliste\/","url_meta":{"origin":22193,"position":1},"title":"2026 Januar Monatsliste","author":"Kathrin","date":"Februar 9, 2026","format":false,"excerpt":"01 2026 MonatslisteHerunterladen","rel":"","context":"\u00c4hnlicher Beitrag","block_context":{"text":"\u00c4hnlicher Beitrag","link":""},"img":{"alt_text":"","src":"","width":0,"height":0},"classes":[]},{"id":22079,"url":"https:\/\/kathrinbode.de\/art\/2026-februar-monatsliste\/","url_meta":{"origin":22193,"position":2},"title":"2026 Februar Monatsliste","author":"Kathrin","date":"M\u00e4rz 8, 2026","format":false,"excerpt":"02_2026 Februar Monatsliste (1)Herunterladen","rel":"","context":"\u00c4hnlicher Beitrag","block_context":{"text":"\u00c4hnlicher Beitrag","link":""},"img":{"alt_text":"","src":"","width":0,"height":0},"classes":[]},{"id":4960,"url":"https:\/\/kathrinbode.de\/art\/fotoalben\/2017-2\/klaerteiche-2018\/","url_meta":{"origin":22193,"position":3},"title":"Kl\u00e4rteiche 2018","author":"Kathrin","date":"Januar 17, 2018","format":false,"excerpt":"Tieraufnahmen aufgenommen bei den Kl\u00e4rteichen in Lehrte \u00a0 Kl\u00e4rteiche Lehrte - August 2018 - Juli 2018 - Juni 2018 - Mai 2018 - April 2018 - M\u00e4rz 2018 - Februar 2018 - Januar 2018 Kl\u00e4rteiche Lehrte Natur -\u00a0 April bis 2018 - Januar bis M\u00e4rz 2018","rel":"","context":"\u00c4hnlicher Beitrag","block_context":{"text":"\u00c4hnlicher Beitrag","link":""},"img":{"alt_text":"","src":"","width":0,"height":0},"classes":[]},{"id":4984,"url":"https:\/\/kathrinbode.de\/art\/fotoalben\/2017-2\/klaerteiche-2018\/maerz-2018\/","url_meta":{"origin":22193,"position":4},"title":"M\u00e4rz 2018","author":"Kathrin","date":"M\u00e4rz 5, 2018","format":false,"excerpt":"","rel":"","context":"\u00c4hnlicher Beitrag","block_context":{"text":"\u00c4hnlicher Beitrag","link":""},"img":{"alt_text":"","src":"","width":0,"height":0},"classes":[]},{"id":20943,"url":"https:\/\/kathrinbode.de\/art\/2025-august-monatsliste\/","url_meta":{"origin":22193,"position":5},"title":"2025 August Monatsliste","author":"Kathrin","date":"September 10, 2025","format":false,"excerpt":"08_2025 August MonatslisteHerunterladen","rel":"","context":"\u00c4hnlicher Beitrag","block_context":{"text":"\u00c4hnlicher Beitrag","link":""},"img":{"alt_text":"","src":"","width":0,"height":0},"classes":[]}],"_links":{"self":[{"href":"https:\/\/kathrinbode.de\/art\/wp-json\/wp\/v2\/pages\/22193","targetHints":{"allow":["GET"]}}],"collection":[{"href":"https:\/\/kathrinbode.de\/art\/wp-json\/wp\/v2\/pages"}],"about":[{"href":"https:\/\/kathrinbode.de\/art\/wp-json\/wp\/v2\/types\/page"}],"author":[{"embeddable":true,"href":"https:\/\/kathrinbode.de\/art\/wp-json\/wp\/v2\/users\/1"}],"replies":[{"embeddable":true,"href":"https:\/\/kathrinbode.de\/art\/wp-json\/wp\/v2\/comments?post=22193"}],"version-history":[{"count":1,"href":"https:\/\/kathrinbode.de\/art\/wp-json\/wp\/v2\/pages\/22193\/revisions"}],"predecessor-version":[{"id":22195,"href":"https:\/\/kathrinbode.de\/art\/wp-json\/wp\/v2\/pages\/22193\/revisions\/22195"}],"wp:attachment":[{"href":"https:\/\/kathrinbode.de\/art\/wp-json\/wp\/v2\/media?parent=22193"}],"curies":[{"name":"wp","href":"https:\/\/api.w.org\/{rel}","templated":true}]}}