{"id":4492,"date":"2017-10-29T19:21:32","date_gmt":"2017-10-29T17:21:32","guid":{"rendered":"http:\/\/kathrinbode.de\/art\/?page_id=4492"},"modified":"2017-11-26T13:42:44","modified_gmt":"2017-11-26T11:42:44","slug":"tierisches","status":"publish","type":"page","link":"https:\/\/kathrinbode.de\/art\/tierisches\/","title":{"rendered":"Tierisches"},"content":{"rendered":"<p>Bobby, genannt Bob. Geboren ca. Sommer 2012 und der Mensch hat das Datum einfach auf den 24.08.2012 festgelegt. Eingezogen ist Bob hier am 15. Mai 2013. Er ist ein &#8222;Rettungskater&#8220;. Seine urspr\u00fcngliche menschliche &#8222;Familie&#8220; wollte ihn aussetzen. \u00dcber eine weitere Person kam er dann schnell zu mir. Riesig, abgemagert mit kahlen Stellen im Fell. Wenige Wochen sp\u00e4ter gabs dann einige heftige Diagnosen. Grob umschrieben: &#8222;Aortenstenose, Klappeninsuffizienzen usw.. Zum heutigen Zeitpunkt nimmt er eine Tablette Fortekor und 2 mal 1\/2 Tablette Artenolol. Symptome hatte er noch nie. Bob ist fit wie ein junger Kater.<\/p>\n<figure id=\"attachment_2898\" aria-describedby=\"caption-attachment-2898\" style=\"width: 300px\" class=\"wp-caption aligncenter\"><a href=\"https:\/\/i0.wp.com\/kathrinbode.de\/art\/wp-content\/uploads\/2017\/03\/Bob-13_02_2017-1-1.jpg\" rel=\"wpdevart_lightbox\"><img data-recalc-dims=\"1\" loading=\"lazy\" decoding=\"async\" class=\"size-medium wp-image-2898\" src=\"https:\/\/i0.wp.com\/kathrinbode.de\/art\/wp-content\/uploads\/2017\/03\/Bob-13_02_2017-1-1-300x200.jpg?resize=300%2C200\" alt=\"\" width=\"300\" height=\"200\" \/><\/a><figcaption id=\"caption-attachment-2898\" class=\"wp-caption-text\">Bob<\/figcaption><\/figure>\n<p>Jack &#8211; geboren am 24.08.2013 zog am 07. Dezember 2013 hier ein. Bob brauchte dringend einen &#8222;Kater-Kumpel&#8220; und die beiden verstehen sich seit ihrem ersten Tag blendend =)<\/p>\n<figure id=\"attachment_2900\" aria-describedby=\"caption-attachment-2900\" style=\"width: 300px\" class=\"wp-caption aligncenter\"><a href=\"https:\/\/i0.wp.com\/kathrinbode.de\/art\/wp-content\/uploads\/2017\/03\/Jack-09_02_2017-7-1.jpg\" rel=\"wpdevart_lightbox\"><img data-recalc-dims=\"1\" loading=\"lazy\" decoding=\"async\" class=\"size-medium wp-image-2900\" src=\"https:\/\/i0.wp.com\/kathrinbode.de\/art\/wp-content\/uploads\/2017\/03\/Jack-09_02_2017-7-1-300x200.jpg?resize=300%2C200\" alt=\"\" width=\"300\" height=\"200\" \/><\/a><figcaption id=\"caption-attachment-2900\" class=\"wp-caption-text\">Jack<\/figcaption><\/figure>\n<p>Und die sechs Wellensittiche<\/p>\n<p>Jock &#8211; geschl\u00fcpft ca. Ende 2014<br \/>\nMr. Elli &#8211; Fr\u00fchjahr 2016<br \/>\nJ.R. &#8211; Ende 2014<br \/>\nSue Ellen &#8211; Sommer 2016<br \/>\nMr. Ewing &#8211; Anfang Mai 2017<br \/>\nPamela &#8211; Anfang Mai 2017<\/p>\n<figure id=\"attachment_3134\" aria-describedby=\"caption-attachment-3134\" style=\"width: 300px\" class=\"wp-caption aligncenter\"><a href=\"https:\/\/i0.wp.com\/kathrinbode.de\/art\/wp-content\/uploads\/2017\/04\/DSC_0004.jpg\" rel=\"wpdevart_lightbox\"><img data-recalc-dims=\"1\" loading=\"lazy\" decoding=\"async\" data-attachment-id=\"3134\" data-permalink=\"https:\/\/kathrinbode.de\/art\/2017\/04\/die-darwin-voliere-von-fressnapf\/dsc_0004-2\/\" data-orig-file=\"https:\/\/i0.wp.com\/kathrinbode.de\/art\/wp-content\/uploads\/2017\/04\/DSC_0004.jpg?fit=1200%2C1123&amp;ssl=1\" data-orig-size=\"1200,1123\" data-comments-opened=\"1\" data-image-meta=\"{&quot;aperture&quot;:&quot;0&quot;,&quot;credit&quot;:&quot;&quot;,&quot;camera&quot;:&quot;&quot;,&quot;caption&quot;:&quot;&quot;,&quot;created_timestamp&quot;:&quot;0&quot;,&quot;copyright&quot;:&quot;&quot;,&quot;focal_length&quot;:&quot;0&quot;,&quot;iso&quot;:&quot;0&quot;,&quot;shutter_speed&quot;:&quot;0&quot;,&quot;title&quot;:&quot;&quot;,&quot;orientation&quot;:&quot;0&quot;}\" data-image-title=\"DSC_0004\" data-image-description=\"\" data-image-caption=\"\" data-large-file=\"https:\/\/i0.wp.com\/kathrinbode.de\/art\/wp-content\/uploads\/2017\/04\/DSC_0004.jpg?fit=1024%2C958&amp;ssl=1\" class=\"wp-image-3134 size-medium\" src=\"https:\/\/i0.wp.com\/kathrinbode.de\/art\/wp-content\/uploads\/2017\/04\/DSC_0004.jpg?resize=300%2C281\" alt=\"\" width=\"300\" height=\"281\" srcset=\"https:\/\/i0.wp.com\/kathrinbode.de\/art\/wp-content\/uploads\/2017\/04\/DSC_0004.jpg?resize=300%2C281&amp;ssl=1 300w, https:\/\/i0.wp.com\/kathrinbode.de\/art\/wp-content\/uploads\/2017\/04\/DSC_0004.jpg?resize=768%2C719&amp;ssl=1 768w, https:\/\/i0.wp.com\/kathrinbode.de\/art\/wp-content\/uploads\/2017\/04\/DSC_0004.jpg?resize=1024%2C958&amp;ssl=1 1024w, https:\/\/i0.wp.com\/kathrinbode.de\/art\/wp-content\/uploads\/2017\/04\/DSC_0004.jpg?w=1200&amp;ssl=1 1200w\" sizes=\"auto, (max-width: 300px) 100vw, 300px\" \/><\/a><figcaption id=\"caption-attachment-3134\" class=\"wp-caption-text\">Miss Elli und Jock<\/figcaption><\/figure>\n<figure id=\"attachment_3305\" aria-describedby=\"caption-attachment-3305\" style=\"width: 300px\" class=\"wp-caption aligncenter\"><a href=\"https:\/\/i0.wp.com\/kathrinbode.de\/art\/wp-content\/uploads\/2017\/04\/15_04_2017-18.jpg\" rel=\"wpdevart_lightbox\"><img data-recalc-dims=\"1\" loading=\"lazy\" decoding=\"async\" class=\"size-medium wp-image-3305\" src=\"https:\/\/i0.wp.com\/kathrinbode.de\/art\/wp-content\/uploads\/2017\/04\/15_04_2017-18-300x191.jpg?resize=300%2C191\" alt=\"\" width=\"300\" height=\"191\" \/><\/a><figcaption id=\"caption-attachment-3305\" class=\"wp-caption-text\">Sue Ellen, J.R. und Jock<\/figcaption><\/figure>\n<figure id=\"attachment_3939\" aria-describedby=\"caption-attachment-3939\" style=\"width: 300px\" class=\"wp-caption aligncenter\"><a href=\"https:\/\/i0.wp.com\/kathrinbode.de\/art\/wp-content\/uploads\/2017\/07\/28_07_2017-Wellis-14.jpg\" rel=\"wpdevart_lightbox\"><img data-recalc-dims=\"1\" loading=\"lazy\" decoding=\"async\" class=\"wp-image-3939 size-medium\" src=\"https:\/\/i0.wp.com\/kathrinbode.de\/art\/wp-content\/uploads\/2017\/07\/28_07_2017-Wellis-14-300x192.jpg?resize=300%2C192\" alt=\"\" width=\"300\" height=\"192\" \/><\/a><figcaption id=\"caption-attachment-3939\" class=\"wp-caption-text\">J.R., Jock, Sue Ellen, Pamela, Mr. Ewing, Miss Elli<\/figcaption><\/figure>\n","protected":false},"excerpt":{"rendered":"<p>Bobby, genannt Bob. Geboren ca. Sommer 2012 und der Mensch hat das Datum einfach auf den 24.08.2012 festgelegt. Eingezogen ist Bob hier am 15. Mai 2013. Er ist ein &#8222;Rettungskater&#8220;.&hellip;<\/p>\n","protected":false},"author":1,"featured_media":0,"parent":0,"menu_order":7,"comment_status":"closed","ping_status":"closed","template":"","meta":{"_themeisle_gutenberg_block_has_review":false,"jetpack_post_was_ever_published":false,"footnotes":""},"class_list":["post-4492","page","type-page","status-publish","hentry"],"jetpack_sharing_enabled":true,"jetpack_shortlink":"https:\/\/wp.me\/P7Iyza-1as","jetpack_likes_enabled":true,"jetpack-related-posts":[{"id":4705,"url":"https:\/\/kathrinbode.de\/art\/tierisches\/die-tierischen-mitbewohner\/","url_meta":{"origin":4492,"position":0},"title":"die tierischen Mitbewohner","author":"Kathrin","date":"November 26, 2017","format":false,"excerpt":"Bobby, genannt Bob. Geboren ca. Sommer 2012 und der Mensch hat das Datum einfach auf den 24.08.2012 festgelegt. Eingezogen ist Bob hier am 15. Mai 2013. Er ist ein \"Rettungskater\". Seine urspr\u00fcngliche menschliche \"Familie\" wollte ihn aussetzen. \u00dcber eine weitere Person kam er dann schnell zu mir. Riesig, abgemagert mit\u2026","rel":"","context":"\u00c4hnlicher Beitrag","block_context":{"text":"\u00c4hnlicher Beitrag","link":""},"img":{"alt_text":"","src":"https:\/\/i0.wp.com\/kathrinbode.de\/art\/wp-content\/uploads\/2019\/05\/Jack-09_02_2017-7-1.jpg?resize=350%2C200&ssl=1","width":350,"height":200,"srcset":"https:\/\/i0.wp.com\/kathrinbode.de\/art\/wp-content\/uploads\/2019\/05\/Jack-09_02_2017-7-1.jpg?resize=350%2C200&ssl=1 1x, https:\/\/i0.wp.com\/kathrinbode.de\/art\/wp-content\/uploads\/2019\/05\/Jack-09_02_2017-7-1.jpg?resize=525%2C300&ssl=1 1.5x, https:\/\/i0.wp.com\/kathrinbode.de\/art\/wp-content\/uploads\/2019\/05\/Jack-09_02_2017-7-1.jpg?resize=700%2C400&ssl=1 2x, https:\/\/i0.wp.com\/kathrinbode.de\/art\/wp-content\/uploads\/2019\/05\/Jack-09_02_2017-7-1.jpg?resize=1050%2C600&ssl=1 3x"},"classes":[]},{"id":4494,"url":"https:\/\/kathrinbode.de\/art\/tierisches\/kater-bob-und-das-zaehneputzen\/","url_meta":{"origin":4492,"position":1},"title":"Kater Bob und das Z\u00e4hneputzen","author":"Kathrin","date":"Oktober 29, 2017","format":false,"excerpt":"Kann man Katzen Z\u00e4hneputzen? Bob hat Zahnstein und zwar massig! Eine kleine Entz\u00fcndung ist auch dabei. Nun ist Z\u00e4hneputzen angesagt. Und ja, das klappt. Bei Bob. Bei Jack w\u00e4re das eine ganz andere Geschichte. Doch Bob l\u00e4sst sich die Z\u00e4hne putzen. Ein wenig m\u00fcssen wir (nein ich) noch \u00fcben, damit\u2026","rel":"","context":"\u00c4hnlicher Beitrag","block_context":{"text":"\u00c4hnlicher Beitrag","link":""},"img":{"alt_text":"","src":"https:\/\/i0.wp.com\/kathrinbode.de\/art\/wp-content\/uploads\/2017\/07\/Bob-23_06_2017-7-300x239.jpg?resize=350%2C200","width":350,"height":200},"classes":[]},{"id":1479,"url":"https:\/\/kathrinbode.de\/art\/kreatives\/der-kater-der-vom-himmel-fiel-kurzgeschichte\/","url_meta":{"origin":4492,"position":2},"title":"Der Kater, der vom Himmel fiel (Kurzgeschichte)","author":"Kathrin","date":"Juli 14, 2016","format":false,"excerpt":"Der Kater, der vom Himmel fiel Angefangen hatte es Ostern vor einem Jahr. Meine Mutter und ich waren im Garten, als wir hinter unserer Hecke ein ganz kl\u00e4gliches Miauen h\u00f6rten. Das Miauen geh\u00f6rte zu der Katze unseres Nachbarn. Er hatte zwei Katzen. Die eine war eine sehr Menschenbezogene Katze. Die\u2026","rel":"","context":"\u00c4hnlicher Beitrag","block_context":{"text":"\u00c4hnlicher Beitrag","link":""},"img":{"alt_text":"","src":"https:\/\/i0.wp.com\/kathrinbode.de\/art\/wp-content\/uploads\/2016\/07\/DSC_0086.jpg?fit=1199%2C794&ssl=1&resize=350%2C200","width":350,"height":200,"srcset":"https:\/\/i0.wp.com\/kathrinbode.de\/art\/wp-content\/uploads\/2016\/07\/DSC_0086.jpg?fit=1199%2C794&ssl=1&resize=350%2C200 1x, https:\/\/i0.wp.com\/kathrinbode.de\/art\/wp-content\/uploads\/2016\/07\/DSC_0086.jpg?fit=1199%2C794&ssl=1&resize=525%2C300 1.5x, https:\/\/i0.wp.com\/kathrinbode.de\/art\/wp-content\/uploads\/2016\/07\/DSC_0086.jpg?fit=1199%2C794&ssl=1&resize=700%2C400 2x, https:\/\/i0.wp.com\/kathrinbode.de\/art\/wp-content\/uploads\/2016\/07\/DSC_0086.jpg?fit=1199%2C794&ssl=1&resize=1050%2C600 3x"},"classes":[]},{"id":1481,"url":"https:\/\/kathrinbode.de\/art\/kreatives\/der-wellensittich-der-vom-kater-gerettet-wurde-kurzgeschichte\/","url_meta":{"origin":4492,"position":3},"title":"Der Wellensittich, der vom Kater gerettet wurde (Kurzgeschichte)","author":"Kathrin","date":"Juli 14, 2016","format":false,"excerpt":"Der Wellensittich, der vom Kater gerettet wurde Es war Februar. Und kalt. Februar eben. Das ganze ist schon einige Jahre her, damals wohnte ich noch im Haus meiner Eltern im Dachgeschoss. Zusammen mit zwei alten Wellensittichen, Oma und Opa. Beide schon an die 10 Jahre alt. An diesem Tag im\u2026","rel":"","context":"\u00c4hnlicher Beitrag","block_context":{"text":"\u00c4hnlicher Beitrag","link":""},"img":{"alt_text":"","src":"https:\/\/i0.wp.com\/kathrinbode.de\/art\/wp-content\/uploads\/2016\/07\/17_06_2016_Wellensittich-3-1.jpg?fit=1000%2C830&ssl=1&resize=350%2C200","width":350,"height":200,"srcset":"https:\/\/i0.wp.com\/kathrinbode.de\/art\/wp-content\/uploads\/2016\/07\/17_06_2016_Wellensittich-3-1.jpg?fit=1000%2C830&ssl=1&resize=350%2C200 1x, https:\/\/i0.wp.com\/kathrinbode.de\/art\/wp-content\/uploads\/2016\/07\/17_06_2016_Wellensittich-3-1.jpg?fit=1000%2C830&ssl=1&resize=525%2C300 1.5x, https:\/\/i0.wp.com\/kathrinbode.de\/art\/wp-content\/uploads\/2016\/07\/17_06_2016_Wellensittich-3-1.jpg?fit=1000%2C830&ssl=1&resize=700%2C400 2x"},"classes":[]},{"id":4716,"url":"https:\/\/kathrinbode.de\/art\/tierisches\/trixie-katzenspielzeug-turning-feather\/","url_meta":{"origin":4492,"position":4},"title":"Trixie Katzenspielzeug Turning Feather","author":"Kathrin","date":"November 26, 2017","format":false,"excerpt":"Dieses Spielzeug kam nun im Katzenhaushalt an. Vor allem Jack liebt ja \"Federn\" sehr. Schnell war es ausgepackt und es muss nichts weiter aufgebaut werden. Was man braucht sind Batterien. Und zwar drei St\u00fcck (3 AA-Mignon-Batterien). Jack mag alles Neue und war schnell dabei. Bob hat alles aus sicherer Entfernung\u2026","rel":"","context":"\u00c4hnlicher Beitrag","block_context":{"text":"\u00c4hnlicher Beitrag","link":""},"img":{"alt_text":"","src":"https:\/\/i0.wp.com\/kathrinbode.de\/art\/wp-content\/uploads\/2017\/11\/IMG_6219-300x201.jpg?resize=350%2C200","width":350,"height":200},"classes":[]},{"id":4496,"url":"https:\/\/kathrinbode.de\/art\/tierisches\/wellensittiche-die-darwin-voliere-von-fressnapf\/","url_meta":{"origin":4492,"position":5},"title":"Wellensittiche &#8211; die Darwin Voliere von Fressnapf","author":"Kathrin","date":"Oktober 29, 2017","format":false,"excerpt":"An diesem Wochenende gab es keinen Ausflug zu den Teichen. Volierenaufbau und Chaosbeseitigung waren angesagt. Gekauft haben wir die Voliere beim Fressnapf in Burgdorf. Wohl ein \u00e4lteres Modell. Die neue Version hat als Schutz unten Plexiglas und nicht Pappe. Nun gut. Der nette Verk\u00e4ufer hat dieses schwere Monstrum-Paket f\u00fcr uns\u2026","rel":"","context":"\u00c4hnlicher Beitrag","block_context":{"text":"\u00c4hnlicher Beitrag","link":""},"img":{"alt_text":"","src":"https:\/\/i0.wp.com\/kathrinbode.de\/art\/wp-content\/uploads\/2017\/04\/DSC_0001-300x200.jpg?resize=350%2C200","width":350,"height":200},"classes":[]}],"_links":{"self":[{"href":"https:\/\/kathrinbode.de\/art\/wp-json\/wp\/v2\/pages\/4492","targetHints":{"allow":["GET"]}}],"collection":[{"href":"https:\/\/kathrinbode.de\/art\/wp-json\/wp\/v2\/pages"}],"about":[{"href":"https:\/\/kathrinbode.de\/art\/wp-json\/wp\/v2\/types\/page"}],"author":[{"embeddable":true,"href":"https:\/\/kathrinbode.de\/art\/wp-json\/wp\/v2\/users\/1"}],"replies":[{"embeddable":true,"href":"https:\/\/kathrinbode.de\/art\/wp-json\/wp\/v2\/comments?post=4492"}],"version-history":[{"count":2,"href":"https:\/\/kathrinbode.de\/art\/wp-json\/wp\/v2\/pages\/4492\/revisions"}],"predecessor-version":[{"id":4707,"href":"https:\/\/kathrinbode.de\/art\/wp-json\/wp\/v2\/pages\/4492\/revisions\/4707"}],"wp:attachment":[{"href":"https:\/\/kathrinbode.de\/art\/wp-json\/wp\/v2\/media?parent=4492"}],"curies":[{"name":"wp","href":"https:\/\/api.w.org\/{rel}","templated":true}]}}