{"id":4496,"date":"2017-10-29T19:26:23","date_gmt":"2017-10-29T17:26:23","guid":{"rendered":"http:\/\/kathrinbode.de\/art\/?page_id=4496"},"modified":"2017-10-29T19:26:23","modified_gmt":"2017-10-29T17:26:23","slug":"wellensittiche-die-darwin-voliere-von-fressnapf","status":"publish","type":"page","link":"https:\/\/kathrinbode.de\/art\/tierisches\/wellensittiche-die-darwin-voliere-von-fressnapf\/","title":{"rendered":"Wellensittiche &#8211; die Darwin Voliere von Fressnapf"},"content":{"rendered":"<p>An diesem Wochenende gab es keinen Ausflug zu den Teichen. Volierenaufbau und Chaosbeseitigung waren angesagt.<br \/>\nGekauft haben wir die Voliere beim Fressnapf in Burgdorf. Wohl ein \u00e4lteres Modell. Die neue Version hat als Schutz unten Plexiglas und nicht Pappe.<br \/>\nNun gut. Der nette Verk\u00e4ufer hat dieses schwere Monstrum-Paket f\u00fcr uns ins Auto getragen. Vielen Dank f\u00fcr den Service!<\/p>\n<p>Sie steht, sie ist stabil. Sie ist riesig! F\u00fcgt sich optisch aber auch nett ein.<\/p>\n<figure id=\"attachment_3133\" aria-describedby=\"caption-attachment-3133\" style=\"width: 449px\" class=\"wp-caption aligncenter\"><a href=\"https:\/\/i0.wp.com\/kathrinbode.de\/art\/wp-content\/uploads\/2017\/04\/DSC_0001.jpg\" rel=\"wpdevart_lightbox\"><img data-recalc-dims=\"1\" loading=\"lazy\" decoding=\"async\" data-attachment-id=\"3133\" data-permalink=\"https:\/\/kathrinbode.de\/art\/2017\/04\/die-darwin-voliere-von-fressnapf\/dsc_0001\/\" data-orig-file=\"https:\/\/i0.wp.com\/kathrinbode.de\/art\/wp-content\/uploads\/2017\/04\/DSC_0001.jpg?fit=1200%2C800&amp;ssl=1\" data-orig-size=\"1200,800\" data-comments-opened=\"1\" data-image-meta=\"{&quot;aperture&quot;:&quot;0&quot;,&quot;credit&quot;:&quot;&quot;,&quot;camera&quot;:&quot;&quot;,&quot;caption&quot;:&quot;&quot;,&quot;created_timestamp&quot;:&quot;0&quot;,&quot;copyright&quot;:&quot;&quot;,&quot;focal_length&quot;:&quot;0&quot;,&quot;iso&quot;:&quot;0&quot;,&quot;shutter_speed&quot;:&quot;0&quot;,&quot;title&quot;:&quot;&quot;,&quot;orientation&quot;:&quot;0&quot;}\" data-image-title=\"DSC_0001\" data-image-description=\"\" data-image-caption=\"\" data-large-file=\"https:\/\/i0.wp.com\/kathrinbode.de\/art\/wp-content\/uploads\/2017\/04\/DSC_0001.jpg?fit=1024%2C683&amp;ssl=1\" class=\"wp-image-3133\" src=\"https:\/\/i0.wp.com\/kathrinbode.de\/art\/wp-content\/uploads\/2017\/04\/DSC_0001.jpg?resize=449%2C299\" alt=\"\" width=\"449\" height=\"299\" srcset=\"https:\/\/i0.wp.com\/kathrinbode.de\/art\/wp-content\/uploads\/2017\/04\/DSC_0001.jpg?resize=300%2C200&amp;ssl=1 300w, https:\/\/i0.wp.com\/kathrinbode.de\/art\/wp-content\/uploads\/2017\/04\/DSC_0001.jpg?resize=768%2C512&amp;ssl=1 768w, https:\/\/i0.wp.com\/kathrinbode.de\/art\/wp-content\/uploads\/2017\/04\/DSC_0001.jpg?resize=1024%2C683&amp;ssl=1 1024w, https:\/\/i0.wp.com\/kathrinbode.de\/art\/wp-content\/uploads\/2017\/04\/DSC_0001.jpg?w=1200&amp;ssl=1 1200w\" sizes=\"auto, (max-width: 449px) 100vw, 449px\" \/><\/a><figcaption id=\"caption-attachment-3133\" class=\"wp-caption-text\">F\u00fcr gr\u00f6\u00dfere Bilder auf das Bild klicken<\/figcaption><\/figure>\n<p>Jock und Miss Elli waren nach dem Einzug erst einmal sehr stumm und haben sich nicht von der (neuen) Stange&#8230;.<br \/>\n<!--more--><br \/>\nbewegt. Vorsichtig ging der Blick immer mal nach unten. Ja, ihr sitzt weiter oben als vorher. Das l\u00e4sst sich nicht abstreiten.<\/p>\n<figure id=\"attachment_3134\" aria-describedby=\"caption-attachment-3134\" style=\"width: 290px\" class=\"wp-caption aligncenter\"><a href=\"https:\/\/i0.wp.com\/kathrinbode.de\/art\/wp-content\/uploads\/2017\/04\/DSC_0004.jpg\" rel=\"wpdevart_lightbox\"><img data-recalc-dims=\"1\" loading=\"lazy\" decoding=\"async\" data-attachment-id=\"3134\" data-permalink=\"https:\/\/kathrinbode.de\/art\/2017\/04\/die-darwin-voliere-von-fressnapf\/dsc_0004-2\/\" data-orig-file=\"https:\/\/i0.wp.com\/kathrinbode.de\/art\/wp-content\/uploads\/2017\/04\/DSC_0004.jpg?fit=1200%2C1123&amp;ssl=1\" data-orig-size=\"1200,1123\" data-comments-opened=\"1\" data-image-meta=\"{&quot;aperture&quot;:&quot;0&quot;,&quot;credit&quot;:&quot;&quot;,&quot;camera&quot;:&quot;&quot;,&quot;caption&quot;:&quot;&quot;,&quot;created_timestamp&quot;:&quot;0&quot;,&quot;copyright&quot;:&quot;&quot;,&quot;focal_length&quot;:&quot;0&quot;,&quot;iso&quot;:&quot;0&quot;,&quot;shutter_speed&quot;:&quot;0&quot;,&quot;title&quot;:&quot;&quot;,&quot;orientation&quot;:&quot;0&quot;}\" data-image-title=\"DSC_0004\" data-image-description=\"\" data-image-caption=\"\" data-large-file=\"https:\/\/i0.wp.com\/kathrinbode.de\/art\/wp-content\/uploads\/2017\/04\/DSC_0004.jpg?fit=1024%2C958&amp;ssl=1\" class=\"wp-image-3134 \" src=\"https:\/\/i0.wp.com\/kathrinbode.de\/art\/wp-content\/uploads\/2017\/04\/DSC_0004.jpg?resize=290%2C272\" alt=\"\" width=\"290\" height=\"272\" srcset=\"https:\/\/i0.wp.com\/kathrinbode.de\/art\/wp-content\/uploads\/2017\/04\/DSC_0004.jpg?resize=300%2C281&amp;ssl=1 300w, https:\/\/i0.wp.com\/kathrinbode.de\/art\/wp-content\/uploads\/2017\/04\/DSC_0004.jpg?resize=768%2C719&amp;ssl=1 768w, https:\/\/i0.wp.com\/kathrinbode.de\/art\/wp-content\/uploads\/2017\/04\/DSC_0004.jpg?resize=1024%2C958&amp;ssl=1 1024w, https:\/\/i0.wp.com\/kathrinbode.de\/art\/wp-content\/uploads\/2017\/04\/DSC_0004.jpg?w=1200&amp;ssl=1 1200w\" sizes=\"auto, (max-width: 290px) 100vw, 290px\" \/><\/a><figcaption id=\"caption-attachment-3134\" class=\"wp-caption-text\">Miss Elli und Jock<\/figcaption><\/figure>\n<p>Der Aufbau der Voliere war ein Abenteuer. Die Aufbauanleitung stimmt nicht. Nachdem ich 20 Minuten versucht habe, \u00fcberhaupt step eins hinzubekommen habe ich sie beiseite gelegt und alles im free style versucht. Ist ja nun nicht meine erste Voliere. Bei step eins sollte B wohl D sein und D sieht in echt auch anders aus als auf dem Papier. Damit gings los und die Fehler h\u00f6rten nicht auf.<\/p>\n<figure id=\"attachment_3135\" aria-describedby=\"caption-attachment-3135\" style=\"width: 300px\" class=\"wp-caption aligncenter\"><a href=\"https:\/\/i0.wp.com\/kathrinbode.de\/art\/wp-content\/uploads\/2017\/04\/IMG_3770.jpg\" rel=\"wpdevart_lightbox\"><img data-recalc-dims=\"1\" loading=\"lazy\" decoding=\"async\" data-attachment-id=\"3135\" data-permalink=\"https:\/\/kathrinbode.de\/art\/2017\/04\/die-darwin-voliere-von-fressnapf\/img_3770\/\" data-orig-file=\"https:\/\/i0.wp.com\/kathrinbode.de\/art\/wp-content\/uploads\/2017\/04\/IMG_3770.jpg?fit=1200%2C900&amp;ssl=1\" data-orig-size=\"1200,900\" data-comments-opened=\"1\" data-image-meta=\"{&quot;aperture&quot;:&quot;0&quot;,&quot;credit&quot;:&quot;&quot;,&quot;camera&quot;:&quot;&quot;,&quot;caption&quot;:&quot;&quot;,&quot;created_timestamp&quot;:&quot;0&quot;,&quot;copyright&quot;:&quot;&quot;,&quot;focal_length&quot;:&quot;0&quot;,&quot;iso&quot;:&quot;0&quot;,&quot;shutter_speed&quot;:&quot;0&quot;,&quot;title&quot;:&quot;&quot;,&quot;orientation&quot;:&quot;0&quot;}\" data-image-title=\"IMG_3770\" data-image-description=\"\" data-image-caption=\"\" data-large-file=\"https:\/\/i0.wp.com\/kathrinbode.de\/art\/wp-content\/uploads\/2017\/04\/IMG_3770.jpg?fit=1024%2C768&amp;ssl=1\" class=\"wp-image-3135 size-medium\" src=\"https:\/\/i0.wp.com\/kathrinbode.de\/art\/wp-content\/uploads\/2017\/04\/IMG_3770.jpg?resize=300%2C225\" alt=\"\" width=\"300\" height=\"225\" srcset=\"https:\/\/i0.wp.com\/kathrinbode.de\/art\/wp-content\/uploads\/2017\/04\/IMG_3770.jpg?resize=300%2C225&amp;ssl=1 300w, https:\/\/i0.wp.com\/kathrinbode.de\/art\/wp-content\/uploads\/2017\/04\/IMG_3770.jpg?resize=768%2C576&amp;ssl=1 768w, https:\/\/i0.wp.com\/kathrinbode.de\/art\/wp-content\/uploads\/2017\/04\/IMG_3770.jpg?resize=1024%2C768&amp;ssl=1 1024w, https:\/\/i0.wp.com\/kathrinbode.de\/art\/wp-content\/uploads\/2017\/04\/IMG_3770.jpg?w=1200&amp;ssl=1 1200w\" sizes=\"auto, (max-width: 300px) 100vw, 300px\" \/><\/a><figcaption id=\"caption-attachment-3135\" class=\"wp-caption-text\">oh dieses Chaos!<\/figcaption><\/figure>\n<p>\u00dcber die viel zu vielen Schrauben habe ich mich erst gewundert aber dann war mir alles klar: Die Fassung der Schrauben ist in null komma nix ausgenudelt und wenn man Gl\u00fcck hat (also die Schraube noch nicht halb-zu-fest drinnen ist) kann man sie austauschen. Wenn nicht dann nicht. Dann Pech.<br \/>\nAuch einen Hammer braucht man. Steht nicht in der Aufbauanleitung. Ist aber hilfreich. Um Dinge grade zu bekommen. Manches ist schief oder verbogen. Oder beides.<br \/>\nHammer hilft. Jack hat auch geholfen.<\/p>\n<figure id=\"attachment_3136\" aria-describedby=\"caption-attachment-3136\" style=\"width: 225px\" class=\"wp-caption aligncenter\"><a href=\"https:\/\/i0.wp.com\/kathrinbode.de\/art\/wp-content\/uploads\/2017\/04\/IMG_3772.jpg\" rel=\"wpdevart_lightbox\"><img data-recalc-dims=\"1\" loading=\"lazy\" decoding=\"async\" data-attachment-id=\"3136\" data-permalink=\"https:\/\/kathrinbode.de\/art\/2017\/04\/die-darwin-voliere-von-fressnapf\/img_3772\/\" data-orig-file=\"https:\/\/i0.wp.com\/kathrinbode.de\/art\/wp-content\/uploads\/2017\/04\/IMG_3772.jpg?fit=900%2C1200&amp;ssl=1\" data-orig-size=\"900,1200\" data-comments-opened=\"1\" data-image-meta=\"{&quot;aperture&quot;:&quot;0&quot;,&quot;credit&quot;:&quot;&quot;,&quot;camera&quot;:&quot;&quot;,&quot;caption&quot;:&quot;&quot;,&quot;created_timestamp&quot;:&quot;0&quot;,&quot;copyright&quot;:&quot;&quot;,&quot;focal_length&quot;:&quot;0&quot;,&quot;iso&quot;:&quot;0&quot;,&quot;shutter_speed&quot;:&quot;0&quot;,&quot;title&quot;:&quot;&quot;,&quot;orientation&quot;:&quot;0&quot;}\" data-image-title=\"IMG_3772\" data-image-description=\"\" data-image-caption=\"\" data-large-file=\"https:\/\/i0.wp.com\/kathrinbode.de\/art\/wp-content\/uploads\/2017\/04\/IMG_3772.jpg?fit=768%2C1024&amp;ssl=1\" class=\"wp-image-3136 size-medium\" src=\"https:\/\/i0.wp.com\/kathrinbode.de\/art\/wp-content\/uploads\/2017\/04\/IMG_3772.jpg?resize=225%2C300\" alt=\"\" width=\"225\" height=\"300\" srcset=\"https:\/\/i0.wp.com\/kathrinbode.de\/art\/wp-content\/uploads\/2017\/04\/IMG_3772.jpg?resize=225%2C300&amp;ssl=1 225w, https:\/\/i0.wp.com\/kathrinbode.de\/art\/wp-content\/uploads\/2017\/04\/IMG_3772.jpg?resize=768%2C1024&amp;ssl=1 768w, https:\/\/i0.wp.com\/kathrinbode.de\/art\/wp-content\/uploads\/2017\/04\/IMG_3772.jpg?w=900&amp;ssl=1 900w\" sizes=\"auto, (max-width: 225px) 100vw, 225px\" \/><\/a><figcaption id=\"caption-attachment-3136\" class=\"wp-caption-text\">Kater in the K\u00e4fig<\/figcaption><\/figure>\n<p>Die Voliere ist sch\u00f6n. Die Qualit\u00e4t wenn sie steht dann gut. Der Aufbau eine Katastrophe. Die Wellis m\u00f6gen sie =)<\/p>\n<figure id=\"attachment_3137\" aria-describedby=\"caption-attachment-3137\" style=\"width: 225px\" class=\"wp-caption alignleft\"><a href=\"https:\/\/i0.wp.com\/kathrinbode.de\/art\/wp-content\/uploads\/2017\/04\/IMG_3771.jpg\" rel=\"wpdevart_lightbox\"><img data-recalc-dims=\"1\" loading=\"lazy\" decoding=\"async\" data-attachment-id=\"3137\" data-permalink=\"https:\/\/kathrinbode.de\/art\/2017\/04\/die-darwin-voliere-von-fressnapf\/img_3771\/\" data-orig-file=\"https:\/\/i0.wp.com\/kathrinbode.de\/art\/wp-content\/uploads\/2017\/04\/IMG_3771.jpg?fit=899%2C1199&amp;ssl=1\" data-orig-size=\"899,1199\" data-comments-opened=\"1\" data-image-meta=\"{&quot;aperture&quot;:&quot;0&quot;,&quot;credit&quot;:&quot;&quot;,&quot;camera&quot;:&quot;&quot;,&quot;caption&quot;:&quot;&quot;,&quot;created_timestamp&quot;:&quot;0&quot;,&quot;copyright&quot;:&quot;&quot;,&quot;focal_length&quot;:&quot;0&quot;,&quot;iso&quot;:&quot;0&quot;,&quot;shutter_speed&quot;:&quot;0&quot;,&quot;title&quot;:&quot;&quot;,&quot;orientation&quot;:&quot;0&quot;}\" data-image-title=\"IMG_3771\" data-image-description=\"\" data-image-caption=\"\" data-large-file=\"https:\/\/i0.wp.com\/kathrinbode.de\/art\/wp-content\/uploads\/2017\/04\/IMG_3771.jpg?fit=768%2C1024&amp;ssl=1\" class=\"wp-image-3137 size-medium\" src=\"https:\/\/i0.wp.com\/kathrinbode.de\/art\/wp-content\/uploads\/2017\/04\/IMG_3771.jpg?resize=225%2C300\" alt=\"\" width=\"225\" height=\"300\" srcset=\"https:\/\/i0.wp.com\/kathrinbode.de\/art\/wp-content\/uploads\/2017\/04\/IMG_3771.jpg?resize=225%2C300&amp;ssl=1 225w, https:\/\/i0.wp.com\/kathrinbode.de\/art\/wp-content\/uploads\/2017\/04\/IMG_3771.jpg?resize=768%2C1024&amp;ssl=1 768w, https:\/\/i0.wp.com\/kathrinbode.de\/art\/wp-content\/uploads\/2017\/04\/IMG_3771.jpg?w=899&amp;ssl=1 899w\" sizes=\"auto, (max-width: 225px) 100vw, 225px\" \/><\/a><figcaption id=\"caption-attachment-3137\" class=\"wp-caption-text\">rechts die alte voliere<\/figcaption><\/figure>\n<p><a href=\"https:\/\/i0.wp.com\/kathrinbode.de\/art\/wp-content\/uploads\/2017\/04\/DSC_0003-2.jpg\" rel=\"wpdevart_lightbox\"><img data-recalc-dims=\"1\" loading=\"lazy\" decoding=\"async\" data-attachment-id=\"3138\" data-permalink=\"https:\/\/kathrinbode.de\/art\/2017\/04\/die-darwin-voliere-von-fressnapf\/dsc_0003-2\/\" data-orig-file=\"https:\/\/i0.wp.com\/kathrinbode.de\/art\/wp-content\/uploads\/2017\/04\/DSC_0003-2.jpg?fit=768%2C1200&amp;ssl=1\" data-orig-size=\"768,1200\" data-comments-opened=\"1\" data-image-meta=\"{&quot;aperture&quot;:&quot;0&quot;,&quot;credit&quot;:&quot;&quot;,&quot;camera&quot;:&quot;&quot;,&quot;caption&quot;:&quot;&quot;,&quot;created_timestamp&quot;:&quot;0&quot;,&quot;copyright&quot;:&quot;&quot;,&quot;focal_length&quot;:&quot;0&quot;,&quot;iso&quot;:&quot;0&quot;,&quot;shutter_speed&quot;:&quot;0&quot;,&quot;title&quot;:&quot;&quot;,&quot;orientation&quot;:&quot;0&quot;}\" data-image-title=\"DSC_0003 (2)\" data-image-description=\"\" data-image-caption=\"\" data-large-file=\"https:\/\/i0.wp.com\/kathrinbode.de\/art\/wp-content\/uploads\/2017\/04\/DSC_0003-2.jpg?fit=655%2C1024&amp;ssl=1\" class=\"size-medium wp-image-3138 alignleft\" src=\"https:\/\/i0.wp.com\/kathrinbode.de\/art\/wp-content\/uploads\/2017\/04\/DSC_0003-2.jpg?resize=192%2C300\" alt=\"\" width=\"192\" height=\"300\" srcset=\"https:\/\/i0.wp.com\/kathrinbode.de\/art\/wp-content\/uploads\/2017\/04\/DSC_0003-2.jpg?resize=192%2C300&amp;ssl=1 192w, https:\/\/i0.wp.com\/kathrinbode.de\/art\/wp-content\/uploads\/2017\/04\/DSC_0003-2.jpg?w=768&amp;ssl=1 768w, https:\/\/i0.wp.com\/kathrinbode.de\/art\/wp-content\/uploads\/2017\/04\/DSC_0003-2.jpg?resize=655%2C1024&amp;ssl=1 655w\" sizes=\"auto, (max-width: 192px) 100vw, 192px\" \/><\/a><\/p>\n<p>&nbsp;<\/p>\n<p>&nbsp;<\/p>\n<p>&nbsp;<\/p>\n","protected":false},"excerpt":{"rendered":"<p>An diesem Wochenende gab es keinen Ausflug zu den Teichen. Volierenaufbau und Chaosbeseitigung waren angesagt. Gekauft haben wir die Voliere beim Fressnapf in Burgdorf. Wohl ein \u00e4lteres Modell. Die neue&hellip;<\/p>\n","protected":false},"author":1,"featured_media":0,"parent":4492,"menu_order":9,"comment_status":"closed","ping_status":"closed","template":"","meta":{"_themeisle_gutenberg_block_has_review":false,"jetpack_post_was_ever_published":false,"footnotes":""},"class_list":["post-4496","page","type-page","status-publish","hentry"],"jetpack_sharing_enabled":true,"jetpack_shortlink":"https:\/\/wp.me\/P7Iyza-1aw","jetpack_likes_enabled":true,"jetpack-related-posts":[{"id":1479,"url":"https:\/\/kathrinbode.de\/art\/kreatives\/der-kater-der-vom-himmel-fiel-kurzgeschichte\/","url_meta":{"origin":4496,"position":0},"title":"Der Kater, der vom Himmel fiel (Kurzgeschichte)","author":"Kathrin","date":"Juli 14, 2016","format":false,"excerpt":"Der Kater, der vom Himmel fiel Angefangen hatte es Ostern vor einem Jahr. Meine Mutter und ich waren im Garten, als wir hinter unserer Hecke ein ganz kl\u00e4gliches Miauen h\u00f6rten. Das Miauen geh\u00f6rte zu der Katze unseres Nachbarn. Er hatte zwei Katzen. Die eine war eine sehr Menschenbezogene Katze. Die\u2026","rel":"","context":"\u00c4hnlicher Beitrag","block_context":{"text":"\u00c4hnlicher Beitrag","link":""},"img":{"alt_text":"","src":"https:\/\/i0.wp.com\/kathrinbode.de\/art\/wp-content\/uploads\/2016\/07\/DSC_0086.jpg?fit=1199%2C794&ssl=1&resize=350%2C200","width":350,"height":200,"srcset":"https:\/\/i0.wp.com\/kathrinbode.de\/art\/wp-content\/uploads\/2016\/07\/DSC_0086.jpg?fit=1199%2C794&ssl=1&resize=350%2C200 1x, https:\/\/i0.wp.com\/kathrinbode.de\/art\/wp-content\/uploads\/2016\/07\/DSC_0086.jpg?fit=1199%2C794&ssl=1&resize=525%2C300 1.5x, https:\/\/i0.wp.com\/kathrinbode.de\/art\/wp-content\/uploads\/2016\/07\/DSC_0086.jpg?fit=1199%2C794&ssl=1&resize=700%2C400 2x, https:\/\/i0.wp.com\/kathrinbode.de\/art\/wp-content\/uploads\/2016\/07\/DSC_0086.jpg?fit=1199%2C794&ssl=1&resize=1050%2C600 3x"},"classes":[]},{"id":1477,"url":"https:\/\/kathrinbode.de\/art\/kreatives\/eismenschen-kurzgeschichte\/","url_meta":{"origin":4496,"position":1},"title":"Eismenschen (Kurzgeschichte)","author":"Kathrin","date":"Juli 14, 2016","format":false,"excerpt":"Eismenschen Josefine stand am Fenster und schaute auf die Stra\u00dfe. Es war Anfang August, doch vom Sommer war nichts zu sehen. Im Gegenteil, es schneite! Die Stra\u00dfe, die B\u00e4ume, die H\u00e4user und die Autos - alles war schon von einer dicken, wei\u00dfen Schneeschicht bedeckt. Doch der Schnee, so ungew\u00f6hnlich er\u2026","rel":"","context":"\u00c4hnlicher Beitrag","block_context":{"text":"\u00c4hnlicher Beitrag","link":""},"img":{"alt_text":"","src":"https:\/\/i0.wp.com\/kathrinbode.de\/art\/wp-content\/uploads\/2016\/07\/noah2.jpg?fit=1000%2C662&ssl=1&resize=350%2C200","width":350,"height":200,"srcset":"https:\/\/i0.wp.com\/kathrinbode.de\/art\/wp-content\/uploads\/2016\/07\/noah2.jpg?fit=1000%2C662&ssl=1&resize=350%2C200 1x, https:\/\/i0.wp.com\/kathrinbode.de\/art\/wp-content\/uploads\/2016\/07\/noah2.jpg?fit=1000%2C662&ssl=1&resize=525%2C300 1.5x, https:\/\/i0.wp.com\/kathrinbode.de\/art\/wp-content\/uploads\/2016\/07\/noah2.jpg?fit=1000%2C662&ssl=1&resize=700%2C400 2x"},"classes":[]},{"id":13526,"url":"https:\/\/kathrinbode.de\/art\/impressum-datenschutz\/","url_meta":{"origin":4496,"position":2},"title":"Impressum &#038; Datenschutz","author":"Kathrin","date":"Januar 15, 2023","format":false,"excerpt":"Datenschutzerkl\u00e4rung Einleitung Stand: 15. Januar 2023 Inhalts\u00fcbersicht Einleitung Verantwortlicher \u00dcbersicht der Verarbeitungen Ma\u00dfgebliche Rechtsgrundlagen Einsatz von Cookies Bereitstellung des Onlineangebotes und Webhosting Blogs und Publikationsmedien Kontakt- und Anfragenverwaltung Newsletter und elektronische Benachrichtigungen Gewinnspiele und Wettbewerbe Pr\u00e4senzen in sozialen Netzwerken (Social Media) Plugins und eingebettete Funktionen sowie Inhalte \u00c4nderung und Aktualisierung\u2026","rel":"","context":"\u00c4hnlicher Beitrag","block_context":{"text":"\u00c4hnlicher Beitrag","link":""},"img":{"alt_text":"","src":"","width":0,"height":0},"classes":[]},{"id":1486,"url":"https:\/\/kathrinbode.de\/art\/kreatives\/tueren\/","url_meta":{"origin":4496,"position":3},"title":"kurze Texte","author":"Kathrin","date":"Juli 14, 2016","format":false,"excerpt":"Und dann gehst du. Wie eine T\u00fcr, die sich \u00f6ffnet. Und du staunst. Als wenn du etwas zum allerersten Mal siehst und verstehst. Und es ist so wundersch\u00f6n. Du blickst auf das, was war. Auf das, was ist und sein wird. Du lachst, denn du verstehst: Es ist so einfach.\u2026","rel":"","context":"\u00c4hnlicher Beitrag","block_context":{"text":"\u00c4hnlicher Beitrag","link":""},"img":{"alt_text":"tuer","src":"https:\/\/i0.wp.com\/kathrinbode.de\/art\/wp-content\/uploads\/2016\/07\/tuer-199x300.jpg?resize=350%2C200","width":350,"height":200},"classes":[]},{"id":1481,"url":"https:\/\/kathrinbode.de\/art\/kreatives\/der-wellensittich-der-vom-kater-gerettet-wurde-kurzgeschichte\/","url_meta":{"origin":4496,"position":4},"title":"Der Wellensittich, der vom Kater gerettet wurde (Kurzgeschichte)","author":"Kathrin","date":"Juli 14, 2016","format":false,"excerpt":"Der Wellensittich, der vom Kater gerettet wurde Es war Februar. Und kalt. Februar eben. Das ganze ist schon einige Jahre her, damals wohnte ich noch im Haus meiner Eltern im Dachgeschoss. Zusammen mit zwei alten Wellensittichen, Oma und Opa. Beide schon an die 10 Jahre alt. An diesem Tag im\u2026","rel":"","context":"\u00c4hnlicher Beitrag","block_context":{"text":"\u00c4hnlicher Beitrag","link":""},"img":{"alt_text":"","src":"https:\/\/i0.wp.com\/kathrinbode.de\/art\/wp-content\/uploads\/2016\/07\/17_06_2016_Wellensittich-3-1.jpg?fit=1000%2C830&ssl=1&resize=350%2C200","width":350,"height":200,"srcset":"https:\/\/i0.wp.com\/kathrinbode.de\/art\/wp-content\/uploads\/2016\/07\/17_06_2016_Wellensittich-3-1.jpg?fit=1000%2C830&ssl=1&resize=350%2C200 1x, https:\/\/i0.wp.com\/kathrinbode.de\/art\/wp-content\/uploads\/2016\/07\/17_06_2016_Wellensittich-3-1.jpg?fit=1000%2C830&ssl=1&resize=525%2C300 1.5x, https:\/\/i0.wp.com\/kathrinbode.de\/art\/wp-content\/uploads\/2016\/07\/17_06_2016_Wellensittich-3-1.jpg?fit=1000%2C830&ssl=1&resize=700%2C400 2x"},"classes":[]},{"id":4716,"url":"https:\/\/kathrinbode.de\/art\/tierisches\/trixie-katzenspielzeug-turning-feather\/","url_meta":{"origin":4496,"position":5},"title":"Trixie Katzenspielzeug Turning Feather","author":"Kathrin","date":"November 26, 2017","format":false,"excerpt":"Dieses Spielzeug kam nun im Katzenhaushalt an. Vor allem Jack liebt ja \"Federn\" sehr. Schnell war es ausgepackt und es muss nichts weiter aufgebaut werden. Was man braucht sind Batterien. Und zwar drei St\u00fcck (3 AA-Mignon-Batterien). Jack mag alles Neue und war schnell dabei. Bob hat alles aus sicherer Entfernung\u2026","rel":"","context":"\u00c4hnlicher Beitrag","block_context":{"text":"\u00c4hnlicher Beitrag","link":""},"img":{"alt_text":"","src":"https:\/\/i0.wp.com\/kathrinbode.de\/art\/wp-content\/uploads\/2017\/11\/IMG_6219-300x201.jpg?resize=350%2C200","width":350,"height":200},"classes":[]}],"_links":{"self":[{"href":"https:\/\/kathrinbode.de\/art\/wp-json\/wp\/v2\/pages\/4496","targetHints":{"allow":["GET"]}}],"collection":[{"href":"https:\/\/kathrinbode.de\/art\/wp-json\/wp\/v2\/pages"}],"about":[{"href":"https:\/\/kathrinbode.de\/art\/wp-json\/wp\/v2\/types\/page"}],"author":[{"embeddable":true,"href":"https:\/\/kathrinbode.de\/art\/wp-json\/wp\/v2\/users\/1"}],"replies":[{"embeddable":true,"href":"https:\/\/kathrinbode.de\/art\/wp-json\/wp\/v2\/comments?post=4496"}],"version-history":[{"count":1,"href":"https:\/\/kathrinbode.de\/art\/wp-json\/wp\/v2\/pages\/4496\/revisions"}],"predecessor-version":[{"id":4497,"href":"https:\/\/kathrinbode.de\/art\/wp-json\/wp\/v2\/pages\/4496\/revisions\/4497"}],"up":[{"embeddable":true,"href":"https:\/\/kathrinbode.de\/art\/wp-json\/wp\/v2\/pages\/4492"}],"wp:attachment":[{"href":"https:\/\/kathrinbode.de\/art\/wp-json\/wp\/v2\/media?parent=4496"}],"curies":[{"name":"wp","href":"https:\/\/api.w.org\/{rel}","templated":true}]}}